{"id":1991,"date":"2025-07-10T14:52:27","date_gmt":"2025-07-10T12:52:27","guid":{"rendered":"https:\/\/www.hotel-garni-zur-alten-post.de\/?page_id=1991"},"modified":"2025-07-30T15:30:29","modified_gmt":"2025-07-30T13:30:29","slug":"fruehstueck","status":"publish","type":"page","link":"https:\/\/www.hotel-garni-zur-alten-post.de\/en\/fruehstueck\/","title":{"rendered":"Breakfast"},"content":{"rendered":"<div data-elementor-type=\"wp-page\" data-elementor-id=\"1991\" class=\"elementor elementor-1991\">\n\t\t\t\t<div class=\"elementor-element elementor-element-cd24d76 e-flex e-con-boxed e-con e-parent\" data-id=\"cd24d76\" data-element_type=\"container\" data-e-type=\"container\" data-settings=\"{&quot;background_background&quot;:&quot;classic&quot;}\">\n\t\t\t\t\t<div class=\"e-con-inner\">\n\t\t<div class=\"elementor-element elementor-element-ac7220f e-con-full e-flex e-con e-child\" data-id=\"ac7220f\" data-element_type=\"container\" data-e-type=\"container\">\n\t\t\t\t<div class=\"elementor-element elementor-element-5abaae7 elementor-widget elementor-widget-heading\" data-id=\"5abaae7\" data-element_type=\"widget\" data-e-type=\"widget\" data-widget_type=\"heading.default\">\n\t\t\t\t<div class=\"elementor-widget-container\">\n\t\t\t\t\t<h1 class=\"elementor-heading-title elementor-size-default\">Breakfast<\/h1>\t\t\t\t<\/div>\n\t\t\t\t<\/div>\n\t\t\t\t<\/div>\n\t\t\t\t\t<\/div>\n\t\t\t\t<\/div>\n\t\t<div class=\"elementor-element elementor-element-59483ad e-flex e-con-boxed e-con e-parent\" data-id=\"59483ad\" data-element_type=\"container\" data-e-type=\"container\" id=\"about\" data-settings=\"{&quot;background_background&quot;:&quot;classic&quot;}\">\n\t\t\t\t\t<div class=\"e-con-inner\">\n\t\t<div class=\"elementor-element elementor-element-8cb5da5 e-con-full e-flex e-con e-child\" data-id=\"8cb5da5\" data-element_type=\"container\" data-e-type=\"container\">\n\t\t<div class=\"elementor-element elementor-element-b089826 e-con-full e-flex e-con e-child\" data-id=\"b089826\" data-element_type=\"container\" data-e-type=\"container\">\n\t\t<div class=\"elementor-element elementor-element-b814796 e-con-full e-flex e-con e-child\" data-id=\"b814796\" data-element_type=\"container\" data-e-type=\"container\">\n\t\t\t\t<div class=\"elementor-element elementor-element-08f5b3a elementor-widget elementor-widget-heading\" data-id=\"08f5b3a\" data-element_type=\"widget\" data-e-type=\"widget\" data-widget_type=\"heading.default\">\n\t\t\t\t<div class=\"elementor-widget-container\">\n\t\t\t\t\t<h2 class=\"elementor-heading-title elementor-size-default\">Breakfast<br>\n- Your start to the day<\/h2>\t\t\t\t<\/div>\n\t\t\t\t<\/div>\n\t\t\t\t<div class=\"elementor-element elementor-element-1f1c233 elementor-widget elementor-widget-text-editor\" data-id=\"1f1c233\" data-element_type=\"widget\" data-e-type=\"widget\" data-widget_type=\"text-editor.default\">\n\t\t\t\t<div class=\"elementor-widget-container\">\n\t\t\t\t\t\t\t\t\t<p>We offer our guests a delicious breakfast every morning. During your stay with us, you'll find this in our comfortable, wheelchair-accessible breakfast room. Seats are reserved for all guests of our Hotel Garnis, marked with a name tag. In good summer weather, you can also enjoy breakfast in the shade of our garden on the sun terrace or in the conservatory.<\/p><p class=\"top-1\">Our breakfast hours are daily from 8:00 a.m. to 10:30 a.m. Upon request, breakfast can also be served as early as 7:00 a.m. In addition to our breakfast buffet, we also bring you a good cup of coffee directly to your table, and you can have as much as you like. A separate tea buffet is available for tea drinkers.<\/p><p>Regionality is important to us, which is why our extensive breakfast buffet includes not only modern standards but also regional specialties:<\/p><ul><li>Real rolls and breads delivered fresh daily by the local bakery Macke<\/li><li>Breakfast cold cuts, fried bacon and breakfast sausages from the Detert butcher shop in Dielingen<\/li><li>Organic coffee and organic tea from Lebensbaum in Diepholz<\/li><li>Homemade jams a la chef<\/li><li>Smoked fish from the Hoffmann smokehouse<\/li><li>Eggs from Jacob Farm<\/li><\/ul>\t\t\t\t\t\t\t\t<\/div>\n\t\t\t\t<\/div>\n\t\t\t\t<\/div>\n\t\t<div class=\"elementor-element elementor-element-6ea999e e-con-full e-flex e-con e-child\" data-id=\"6ea999e\" data-element_type=\"container\" data-e-type=\"container\" data-settings=\"{&quot;background_background&quot;:&quot;classic&quot;}\">\n\t\t\t\t<div class=\"elementor-element elementor-element-1b5221e elementor-widget elementor-widget-tp-gallery-listout\" data-id=\"1b5221e\" data-element_type=\"widget\" data-e-type=\"widget\" data-widget_type=\"tp-gallery-listout.default\">\n\t\t\t\t<div class=\"elementor-widget-container\">\n\t\t\t\t\t<div id=\"pt-plus-gallery-list\" class=\"gallery-list post69fb625fee2ea  list-isotope-metro  gallery-style-1 hover-image-style-1\"  data-layout-type=\"metro\"  data-metro-columns=\"3\"  data-metro-style=\"style-1\"   data-id=\"post69fb625fee2ea\" data-style=\"style-1\"  data-enable-isotope=\"1\"><div id=\"post69fb625fee2ea\" class=\"tp-row post-inner-loop post69fb625fee2ea\"><div class=\"grid-item metro-item1\" ><div class=\"gallery-list-content\">\n\n<div class=\"post-content-center\">\t\t\n\t<div class=\"post-hover-content\">\n\t\t<div class=\"meta-search-icon\">\t\n\t<a href=\"https:\/\/www.hotel-garni-zur-alten-post.de\/wp-content\/uploads\/2025\/07\/11-scaled.jpg\" data-elementor-open-lightbox=\"default\" data-elementor-lightbox-slideshow=\"icn-1b5221e\"><i class=\"fas fa-search-plus\" aria-hidden=\"true\"><\/i><\/a>\n<\/div>\t\t\t\t\t\t<div class=\"entry-content\">\n\tBreakfast room<\/div>\t<\/div>\n<\/div>\n\t<div class=\"gallery-bg-image-metro\" style=\"background:url(https:\/\/www.hotel-garni-zur-alten-post.de\/wp-content\/uploads\/2025\/07\/11-scaled.jpg)\"><\/div>\n<\/div><\/div><div class=\"grid-item metro-item2\" ><div class=\"gallery-list-content\">\n\n<div class=\"post-content-center\">\t\t\n\t<div class=\"post-hover-content\">\n\t\t<div class=\"meta-search-icon\">\t\n\t<a href=\"https:\/\/www.hotel-garni-zur-alten-post.de\/wp-content\/uploads\/2025\/06\/Zur_Alten_Post_10.jpg\" data-elementor-open-lightbox=\"default\" data-elementor-lightbox-slideshow=\"icn-1b5221e\"><i class=\"fas fa-search-plus\" aria-hidden=\"true\"><\/i><\/a>\n<\/div>\t\t\t\t\t\t<div class=\"entry-content\">\n\tJams<\/div>\t<\/div>\n<\/div>\n\t<div class=\"gallery-bg-image-metro\" style=\"background:url(https:\/\/www.hotel-garni-zur-alten-post.de\/wp-content\/uploads\/2025\/06\/Zur_Alten_Post_10.jpg)\"><\/div>\n<\/div><\/div><div class=\"grid-item metro-item3\" ><div class=\"gallery-list-content\">\n\n<div class=\"post-content-center\">\t\t\n\t<div class=\"post-hover-content\">\n\t\t<div class=\"meta-search-icon\">\t\n\t<a href=\"https:\/\/www.hotel-garni-zur-alten-post.de\/wp-content\/uploads\/2025\/07\/4-scaled.jpg\" data-elementor-open-lightbox=\"default\" data-elementor-lightbox-slideshow=\"icn-1b5221e\"><i class=\"fas fa-search-plus\" aria-hidden=\"true\"><\/i><\/a>\n<\/div>\t\t\t\t\t\t<div class=\"entry-content\">\n\tCold cuts and cheese<\/div>\t<\/div>\n<\/div>\n\t<div class=\"gallery-bg-image-metro\" style=\"background:url(https:\/\/www.hotel-garni-zur-alten-post.de\/wp-content\/uploads\/2025\/07\/4-scaled.jpg)\"><\/div>\n<\/div><\/div><div class=\"grid-item metro-item4\" ><div class=\"gallery-list-content\">\n\n<div class=\"post-content-center\">\t\t\n\t<div class=\"post-hover-content\">\n\t\t<div class=\"meta-search-icon\">\t\n\t<a href=\"https:\/\/www.hotel-garni-zur-alten-post.de\/wp-content\/uploads\/2025\/06\/Zur_Alten_Post_66.jpg\" data-elementor-open-lightbox=\"default\" data-elementor-lightbox-slideshow=\"icn-1b5221e\"><i class=\"fas fa-search-plus\" aria-hidden=\"true\"><\/i><\/a>\n<\/div>\t\t\t\t\t\t<div class=\"entry-content\">\n\tTea<\/div>\t<\/div>\n<\/div>\n\t<div class=\"gallery-bg-image-metro\" style=\"background:url(https:\/\/www.hotel-garni-zur-alten-post.de\/wp-content\/uploads\/2025\/06\/Zur_Alten_Post_66.jpg)\"><\/div>\n<\/div><\/div><div class=\"grid-item metro-item5\" ><div class=\"gallery-list-content\">\n\n<div class=\"post-content-center\">\t\t\n\t<div class=\"post-hover-content\">\n\t\t<div class=\"meta-search-icon\">\t\n\t<a href=\"https:\/\/www.hotel-garni-zur-alten-post.de\/wp-content\/uploads\/2025\/07\/65-scaled.jpg\" data-elementor-open-lightbox=\"default\" data-elementor-lightbox-slideshow=\"icn-1b5221e\"><i class=\"fas fa-search-plus\" aria-hidden=\"true\"><\/i><\/a>\n<\/div>\t\t\t\t\t\t<div class=\"entry-content\">\n\tfried bacon, eggs<\/div>\t<\/div>\n<\/div>\n\t<div class=\"gallery-bg-image-metro\" style=\"background:url(https:\/\/www.hotel-garni-zur-alten-post.de\/wp-content\/uploads\/2025\/07\/65-scaled.jpg)\"><\/div>\n<\/div><\/div><div class=\"grid-item metro-item6\" ><div class=\"gallery-list-content\">\n\n<div class=\"post-content-center\">\t\t\n\t<div class=\"post-hover-content\">\n\t\t<div class=\"meta-search-icon\">\t\n\t<a href=\"https:\/\/www.hotel-garni-zur-alten-post.de\/wp-content\/uploads\/2025\/07\/Zur_alten_Post_2014_12_06-3283_1-scaled.jpg\" data-elementor-open-lightbox=\"default\" data-elementor-lightbox-slideshow=\"icn-1b5221e\"><i class=\"fas fa-search-plus\" aria-hidden=\"true\"><\/i><\/a>\n<\/div>\t\t\t\t\t\t<div class=\"entry-content\">\n\tMuesli<\/div>\t<\/div>\n<\/div>\n\t<div class=\"gallery-bg-image-metro\" style=\"background:url(https:\/\/www.hotel-garni-zur-alten-post.de\/wp-content\/uploads\/2025\/07\/Zur_alten_Post_2014_12_06-3283_1-scaled.jpg)\"><\/div>\n<\/div><\/div><\/div><\/div>\t\t\t\t<\/div>\n\t\t\t\t<\/div>\n\t\t\t\t<\/div>\n\t\t\t\t<\/div>\n\t\t\t\t<\/div>\n\t\t\t\t\t<\/div>\n\t\t\t\t<\/div>\n\t\t\t\t<\/div>","protected":false},"excerpt":{"rendered":"<p>Fr\u00fchst\u00fcck Fr\u00fchst\u00fcck &#8211; Ihr Start in den Tag Unseren G\u00e4sten bieten wir morgens ein k\u00f6stliches Fr\u00fchst\u00fcck an. Dieses finden Sie w\u00e4hrend Ihres Urlaubs bei uns barrierefrei im gem\u00fctlichen Fr\u00fchst\u00fccksraum. Hier sind f\u00fcr alle G\u00e4ste unseres Hotel Garnis Pl\u00e4tze mit einem Namensschild versehen und reserviert. Bei gutem Wetter im Sommer kann auch gesch\u00fctzt in unserer Gartenanlage [&hellip;]<\/p>\n","protected":false},"author":1,"featured_media":0,"parent":0,"menu_order":0,"comment_status":"closed","ping_status":"open","template":"","meta":{"site-sidebar-layout":"no-sidebar","site-content-layout":"page-builder","ast-site-content-layout":"full-width-container","site-content-style":"unboxed","site-sidebar-style":"unboxed","ast-global-header-display":"disabled","ast-banner-title-visibility":"","ast-main-header-display":"","ast-hfb-above-header-display":"","ast-hfb-below-header-display":"","ast-hfb-mobile-header-display":"","site-post-title":"disabled","ast-breadcrumbs-content":"","ast-featured-img":"disabled","footer-sml-layout":"disabled","ast-disable-related-posts":"","theme-transparent-header-meta":"enabled","adv-header-id-meta":"","stick-header-meta":"","header-above-stick-meta":"","header-main-stick-meta":"","header-below-stick-meta":"","astra-migrate-meta-layouts":"set","ast-page-background-enabled":"default","ast-page-background-meta":{"desktop":{"background-color":"","background-image":"","background-repeat":"repeat","background-position":"center center","background-size":"auto","background-attachment":"scroll","background-type":"","background-media":"","overlay-type":"","overlay-color":"","overlay-opacity":"","overlay-gradient":""},"tablet":{"background-color":"","background-image":"","background-repeat":"repeat","background-position":"center center","background-size":"auto","background-attachment":"scroll","background-type":"","background-media":"","overlay-type":"","overlay-color":"","overlay-opacity":"","overlay-gradient":""},"mobile":{"background-color":"","background-image":"","background-repeat":"repeat","background-position":"center center","background-size":"auto","background-attachment":"scroll","background-type":"","background-media":"","overlay-type":"","overlay-color":"","overlay-opacity":"","overlay-gradient":""}},"ast-content-background-meta":{"desktop":{"background-color":"var(--ast-global-color-5)","background-image":"","background-repeat":"repeat","background-position":"center center","background-size":"auto","background-attachment":"scroll","background-type":"","background-media":"","overlay-type":"","overlay-color":"","overlay-opacity":"","overlay-gradient":""},"tablet":{"background-color":"var(--ast-global-color-5)","background-image":"","background-repeat":"repeat","background-position":"center center","background-size":"auto","background-attachment":"scroll","background-type":"","background-media":"","overlay-type":"","overlay-color":"","overlay-opacity":"","overlay-gradient":""},"mobile":{"background-color":"var(--ast-global-color-5)","background-image":"","background-repeat":"repeat","background-position":"center center","background-size":"auto","background-attachment":"scroll","background-type":"","background-media":"","overlay-type":"","overlay-color":"","overlay-opacity":"","overlay-gradient":""}},"footnotes":""},"class_list":["post-1991","page","type-page","status-publish","hentry"],"_links":{"self":[{"href":"https:\/\/www.hotel-garni-zur-alten-post.de\/en\/wp-json\/wp\/v2\/pages\/1991","targetHints":{"allow":["GET"]}}],"collection":[{"href":"https:\/\/www.hotel-garni-zur-alten-post.de\/en\/wp-json\/wp\/v2\/pages"}],"about":[{"href":"https:\/\/www.hotel-garni-zur-alten-post.de\/en\/wp-json\/wp\/v2\/types\/page"}],"author":[{"embeddable":true,"href":"https:\/\/www.hotel-garni-zur-alten-post.de\/en\/wp-json\/wp\/v2\/users\/1"}],"replies":[{"embeddable":true,"href":"https:\/\/www.hotel-garni-zur-alten-post.de\/en\/wp-json\/wp\/v2\/comments?post=1991"}],"version-history":[{"count":0,"href":"https:\/\/www.hotel-garni-zur-alten-post.de\/en\/wp-json\/wp\/v2\/pages\/1991\/revisions"}],"wp:attachment":[{"href":"https:\/\/www.hotel-garni-zur-alten-post.de\/en\/wp-json\/wp\/v2\/media?parent=1991"}],"curies":[{"name":"wp","href":"https:\/\/api.w.org\/{rel}","templated":true}]}}