{"id":2129,"date":"2025-07-16T11:21:22","date_gmt":"2025-07-16T09:21:22","guid":{"rendered":"https:\/\/www.hotel-garni-zur-alten-post.de\/?page_id=2129"},"modified":"2025-07-30T15:41:01","modified_gmt":"2025-07-30T13:41:01","slug":"radfahrer","status":"publish","type":"page","link":"https:\/\/www.hotel-garni-zur-alten-post.de\/en\/radfahrer\/","title":{"rendered":"Cyclists"},"content":{"rendered":"<div data-elementor-type=\"wp-page\" data-elementor-id=\"2129\" class=\"elementor elementor-2129\">\n\t\t\t\t<div class=\"elementor-element elementor-element-cd24d76 e-flex e-con-boxed e-con e-parent\" data-id=\"cd24d76\" data-element_type=\"container\" data-e-type=\"container\" data-settings=\"{&quot;background_background&quot;:&quot;classic&quot;}\">\n\t\t\t\t\t<div class=\"e-con-inner\">\n\t\t<div class=\"elementor-element elementor-element-ac7220f e-con-full e-flex e-con e-child\" data-id=\"ac7220f\" data-element_type=\"container\" data-e-type=\"container\">\n\t\t\t\t<div class=\"elementor-element elementor-element-5abaae7 elementor-widget elementor-widget-heading\" data-id=\"5abaae7\" data-element_type=\"widget\" data-e-type=\"widget\" data-widget_type=\"heading.default\">\n\t\t\t\t<div class=\"elementor-widget-container\">\n\t\t\t\t\t<h1 class=\"elementor-heading-title elementor-size-default\">Cyclists, cycle tourists &amp; cycling holidaymakers<\/h1>\t\t\t\t<\/div>\n\t\t\t\t<\/div>\n\t\t\t\t<\/div>\n\t\t\t\t\t<\/div>\n\t\t\t\t<\/div>\n\t\t<div class=\"elementor-element elementor-element-59483ad e-flex e-con-boxed e-con e-parent\" data-id=\"59483ad\" data-element_type=\"container\" data-e-type=\"container\" id=\"about\" data-settings=\"{&quot;background_background&quot;:&quot;classic&quot;}\">\n\t\t\t\t\t<div class=\"e-con-inner\">\n\t\t<div class=\"elementor-element elementor-element-8cb5da5 e-con-full e-flex e-con e-child\" data-id=\"8cb5da5\" data-element_type=\"container\" data-e-type=\"container\">\n\t\t<div class=\"elementor-element elementor-element-b089826 e-con-full e-flex e-con e-child\" data-id=\"b089826\" data-element_type=\"container\" data-e-type=\"container\">\n\t\t<div class=\"elementor-element elementor-element-b814796 e-con-full e-flex e-con e-child\" data-id=\"b814796\" data-element_type=\"container\" data-e-type=\"container\">\n\t\t\t\t<div class=\"elementor-element elementor-element-a0a95e2 elementor-widget elementor-widget-heading\" data-id=\"a0a95e2\" data-element_type=\"widget\" data-e-type=\"widget\" data-widget_type=\"heading.default\">\n\t\t\t\t<div class=\"elementor-widget-container\">\n\t\t\t\t\t<h2 class=\"elementor-heading-title elementor-size-default\">Cyclists &amp; cycling holidaymakers<\/h2>\t\t\t\t<\/div>\n\t\t\t\t<\/div>\n\t\t\t\t<div class=\"elementor-element elementor-element-1f1c233 elementor-widget elementor-widget-text-editor\" data-id=\"1f1c233\" data-element_type=\"widget\" data-e-type=\"widget\" data-widget_type=\"text-editor.default\">\n\t\t\t\t<div class=\"elementor-widget-container\">\n\t\t\t\t\t\t\t\t\t<p>Our hotel's own rental bikes, drying room, lockable bike garage with power outlets for e-bikes, washing facilities, rental navigation devices and GPX\/GPS files for various tours in D\u00fcmmerland, a bike repair shop, and our full breakfast buffet in the cozy breakfast room make our hotel especially cyclist-friendly.<br \/>For this, we received the Bed &amp; Bike award from the General German Bicycle Club (ADFC).<\/p><p>We're happy to provide you with cycling maps of local and long-distance trails during your stay. We also have a navigation device available for loan for the D\u00fcmmerland circular tours. If you have your own navigation device, we'll be happy to send you the GPX\/GPS data (please bring a USB cable).<br \/>If possible, we will also take care of your breakdown while you are on the road.<\/p>\t\t\t\t\t\t\t\t<\/div>\n\t\t\t\t<\/div>\n\t\t\t\t<\/div>\n\t\t<div class=\"elementor-element elementor-element-6ea999e e-con-full e-flex e-con e-child\" data-id=\"6ea999e\" data-element_type=\"container\" data-e-type=\"container\" data-settings=\"{&quot;background_background&quot;:&quot;classic&quot;}\">\n\t\t\t\t<div class=\"elementor-element elementor-element-1b5221e elementor-widget elementor-widget-tp-gallery-listout\" data-id=\"1b5221e\" data-element_type=\"widget\" data-e-type=\"widget\" data-widget_type=\"tp-gallery-listout.default\">\n\t\t\t\t<div class=\"elementor-widget-container\">\n\t\t\t\t\t<div id=\"pt-plus-gallery-list\" class=\"gallery-list post69fb5fa3cb058  list-isotope-metro  gallery-style-1 hover-image-style-1\"  data-layout-type=\"metro\"  data-metro-columns=\"3\"  data-metro-style=\"style-1\"   data-id=\"post69fb5fa3cb058\" data-style=\"style-1\"  data-enable-isotope=\"1\"><div id=\"post69fb5fa3cb058\" class=\"tp-row post-inner-loop post69fb5fa3cb058\"><div class=\"grid-item metro-item1\" ><div class=\"gallery-list-content\">\n\n<div class=\"post-content-center\">\t\t\n\t<div class=\"post-hover-content\">\n\t\t<div class=\"meta-search-icon\">\t\n\t<a href=\"https:\/\/www.hotel-garni-zur-alten-post.de\/wp-content\/uploads\/2025\/07\/IMG_0785-1.jpg\" data-elementor-open-lightbox=\"default\" data-elementor-lightbox-slideshow=\"icn-1b5221e\"><i class=\"fas fa-search-plus\" aria-hidden=\"true\"><\/i><\/a>\n<\/div>\t\t\t\t\t\t<div class=\"entry-content\">\n\tCycling by the lake<\/div>\t<\/div>\n<\/div>\n\t<div class=\"gallery-bg-image-metro\" style=\"background:url(https:\/\/www.hotel-garni-zur-alten-post.de\/wp-content\/uploads\/2025\/07\/IMG_0785-1.jpg)\"><\/div>\n<\/div><\/div><div class=\"grid-item metro-item2\" ><div class=\"gallery-list-content\">\n\n<div class=\"post-content-center\">\t\t\n\t<div class=\"post-hover-content\">\n\t\t<div class=\"meta-search-icon\">\t\n\t<a href=\"https:\/\/www.hotel-garni-zur-alten-post.de\/wp-content\/uploads\/2025\/07\/Zur_Alten_Post_32.jpg\" data-elementor-open-lightbox=\"default\" data-elementor-lightbox-slideshow=\"icn-1b5221e\"><i class=\"fas fa-search-plus\" aria-hidden=\"true\"><\/i><\/a>\n<\/div>\t\t\t\t\t\t<div class=\"entry-content\">\n\tbike tour<\/div>\t<\/div>\n<\/div>\n\t<div class=\"gallery-bg-image-metro\" style=\"background:url(https:\/\/www.hotel-garni-zur-alten-post.de\/wp-content\/uploads\/2025\/07\/Zur_Alten_Post_32.jpg)\"><\/div>\n<\/div><\/div><div class=\"grid-item metro-item3\" ><div class=\"gallery-list-content\">\n\n<div class=\"post-content-center\">\t\t\n\t<div class=\"post-hover-content\">\n\t\t<div class=\"meta-search-icon\">\t\n\t<a href=\"https:\/\/www.hotel-garni-zur-alten-post.de\/wp-content\/uploads\/2025\/07\/Leihfahrraeder.jpg\" data-elementor-open-lightbox=\"default\" data-elementor-lightbox-slideshow=\"icn-1b5221e\"><i class=\"fas fa-search-plus\" aria-hidden=\"true\"><\/i><\/a>\n<\/div>\t\t\t\t\t\t<div class=\"entry-content\">\n\tIn-house rental bikes<\/div>\t<\/div>\n<\/div>\n\t<div class=\"gallery-bg-image-metro\" style=\"background:url(https:\/\/www.hotel-garni-zur-alten-post.de\/wp-content\/uploads\/2025\/07\/Leihfahrraeder.jpg)\"><\/div>\n<\/div><\/div><\/div><\/div>\t\t\t\t<\/div>\n\t\t\t\t<\/div>\n\t\t\t\t<\/div>\n\t\t\t\t<\/div>\n\t\t\t\t<\/div>\n\t\t\t\t\t<\/div>\n\t\t\t\t<\/div>\n\t\t<div class=\"elementor-element elementor-element-ad57683 e-flex e-con-boxed e-con e-parent\" data-id=\"ad57683\" data-element_type=\"container\" data-e-type=\"container\" data-settings=\"{&quot;background_background&quot;:&quot;classic&quot;}\">\n\t\t\t\t\t<div class=\"e-con-inner\">\n\t\t<div class=\"elementor-element elementor-element-0378d0c e-con-full e-flex e-con e-child\" data-id=\"0378d0c\" data-element_type=\"container\" data-e-type=\"container\">\n\t\t<div class=\"elementor-element elementor-element-4133f58 e-con-full e-flex e-con e-child\" data-id=\"4133f58\" data-element_type=\"container\" data-e-type=\"container\">\n\t\t<div class=\"elementor-element elementor-element-dd99743 e-con-full e-flex e-con e-child\" data-id=\"dd99743\" data-element_type=\"container\" data-e-type=\"container\">\n\t\t\t\t<div class=\"elementor-element elementor-element-57a3b46 elementor-widget elementor-widget-heading\" data-id=\"57a3b46\" data-element_type=\"widget\" data-e-type=\"widget\" data-widget_type=\"heading.default\">\n\t\t\t\t<div class=\"elementor-widget-container\">\n\t\t\t\t\t<h3 class=\"elementor-heading-title elementor-size-default\">Rental navigation device<\/h3>\t\t\t\t<\/div>\n\t\t\t\t<\/div>\n\t\t\t\t<div class=\"elementor-element elementor-element-fa56b09 elementor-widget elementor-widget-text-editor\" data-id=\"fa56b09\" data-element_type=\"widget\" data-e-type=\"widget\" data-widget_type=\"text-editor.default\">\n\t\t\t\t<div class=\"elementor-widget-container\">\n\t\t\t\t\t\t\t\t\t<p>The circular tours stored on our rental navigation device with optimized route guidance:<\/p><ul><li>Around the D\u00fcmmer Tour<\/li><li>D\u00fcmmer Moor Tour<\/li><li>Two Countries Tour<\/li><li>Nature Sculpture Tour<\/li><li>Church Tour<\/li><li>Villages Tour<\/li><li>Dammer Mountains Tour<\/li><\/ul><p>Long-distance cycle paths also lead you through our region.<\/p><ul><li>Long-distance cycle route Osnabr\u00fcck \u2013 Bremen<\/li><li>Seaway<\/li><li>Hunte Cycle Path<\/li><li>Germany Route No. 7<\/li><li>Bridge cycle path<\/li><li>3 Lakes Route<\/li><li>Pit Stop Route<\/li><\/ul>\t\t\t\t\t\t\t\t<\/div>\n\t\t\t\t<\/div>\n\t\t\t\t<\/div>\n\t\t<div class=\"elementor-element elementor-element-ac6ebf5 e-con-full e-flex e-con e-child\" data-id=\"ac6ebf5\" data-element_type=\"container\" data-e-type=\"container\" data-settings=\"{&quot;background_background&quot;:&quot;classic&quot;}\">\n\t\t\t\t<div class=\"elementor-element elementor-element-76bae1b elementor-widget-tablet__width-initial elementor-widget-mobile__width-inherit elementor-widget elementor-widget-image\" data-id=\"76bae1b\" data-element_type=\"widget\" data-e-type=\"widget\" data-widget_type=\"image.default\">\n\t\t\t\t<div class=\"elementor-widget-container\">\n\t\t\t\t\t\t\t\t\t\t\t\t\t\t\t<img fetchpriority=\"high\" decoding=\"async\" width=\"270\" height=\"300\" src=\"https:\/\/www.hotel-garni-zur-alten-post.de\/wp-content\/uploads\/2025\/07\/Navigeraet-270x300.jpg\" class=\"attachment-medium size-medium wp-image-2137\" alt=\"Navigationsger\u00e4t zum leihen\" srcset=\"https:\/\/www.hotel-garni-zur-alten-post.de\/wp-content\/uploads\/2025\/07\/Navigeraet-270x300.jpg 270w, https:\/\/www.hotel-garni-zur-alten-post.de\/wp-content\/uploads\/2025\/07\/Navigeraet-921x1024.jpg 921w, https:\/\/www.hotel-garni-zur-alten-post.de\/wp-content\/uploads\/2025\/07\/Navigeraet-768x854.jpg 768w, https:\/\/www.hotel-garni-zur-alten-post.de\/wp-content\/uploads\/2025\/07\/Navigeraet-1382x1536.jpg 1382w, https:\/\/www.hotel-garni-zur-alten-post.de\/wp-content\/uploads\/2025\/07\/Navigeraet-11x12.jpg 11w, https:\/\/www.hotel-garni-zur-alten-post.de\/wp-content\/uploads\/2025\/07\/Navigeraet.jpg 1727w\" sizes=\"(max-width: 270px) 100vw, 270px\" data-id=\"2137\" \/>\t\t\t\t\t\t\t\t\t\t\t\t\t\t\t<\/div>\n\t\t\t\t<\/div>\n\t\t\t\t<div class=\"elementor-element elementor-element-9774e75 elementor-widget-tablet__width-initial elementor-widget-mobile__width-inherit elementor-widget elementor-widget-text-editor\" data-id=\"9774e75\" data-element_type=\"widget\" data-e-type=\"widget\" data-widget_type=\"text-editor.default\">\n\t\t\t\t<div class=\"elementor-widget-container\">\n\t\t\t\t\t\t\t\t\t<p>For a rental fee and a deposit, you can borrow our navigation device for these tours\/tracks. Of course, we have the GPX data for your own navigation device available at our reception (don't forget your data cable) or we'll be happy to send it to you in advance via email.<\/p>\t\t\t\t\t\t\t\t<\/div>\n\t\t\t\t<\/div>\n\t\t\t\t<\/div>\n\t\t<div class=\"elementor-element elementor-element-113782c e-con-full e-flex e-con e-child\" data-id=\"113782c\" data-element_type=\"container\" data-e-type=\"container\" data-settings=\"{&quot;background_background&quot;:&quot;classic&quot;}\">\n\t\t\t\t<div class=\"elementor-element elementor-element-9e6a943 elementor-widget elementor-widget-heading\" data-id=\"9e6a943\" data-element_type=\"widget\" data-e-type=\"widget\" data-widget_type=\"heading.default\">\n\t\t\t\t<div class=\"elementor-widget-container\">\n\t\t\t\t\t<h3 class=\"elementor-heading-title elementor-size-default\">Links<\/h3>\t\t\t\t<\/div>\n\t\t\t\t<\/div>\n\t\t\t\t<div class=\"elementor-element elementor-element-586d204 elementor-widget elementor-widget-text-editor\" data-id=\"586d204\" data-element_type=\"widget\" data-e-type=\"widget\" data-widget_type=\"text-editor.default\">\n\t\t\t\t<div class=\"elementor-widget-container\">\n\t\t\t\t\t\t\t\t\t<p>Maps of regional cycle routes:<\/p>\t\t\t\t\t\t\t\t<\/div>\n\t\t\t\t<\/div>\n\t\t\t\t<div class=\"elementor-element elementor-element-fbbfcc6 elementor-widget elementor-widget-image\" data-id=\"fbbfcc6\" data-element_type=\"widget\" data-e-type=\"widget\" data-widget_type=\"image.default\">\n\t\t\t\t<div class=\"elementor-widget-container\">\n\t\t\t\t\t\t\t\t\t\t\t\t\t\t\t<img decoding=\"async\" width=\"300\" height=\"285\" src=\"https:\/\/www.hotel-garni-zur-alten-post.de\/wp-content\/uploads\/2025\/07\/Radtouren-cover-300x285.jpg\" class=\"attachment-medium size-medium wp-image-2138\" alt=\"Radtouren im D\u00fcmmerWeserLand\" srcset=\"https:\/\/www.hotel-garni-zur-alten-post.de\/wp-content\/uploads\/2025\/07\/Radtouren-cover-300x285.jpg 300w, https:\/\/www.hotel-garni-zur-alten-post.de\/wp-content\/uploads\/2025\/07\/Radtouren-cover-768x730.jpg 768w, https:\/\/www.hotel-garni-zur-alten-post.de\/wp-content\/uploads\/2025\/07\/Radtouren-cover-13x12.jpg 13w, https:\/\/www.hotel-garni-zur-alten-post.de\/wp-content\/uploads\/2025\/07\/Radtouren-cover.jpg 789w\" sizes=\"(max-width: 300px) 100vw, 300px\" data-id=\"2138\" \/>\t\t\t\t\t\t\t\t\t\t\t\t\t\t\t<\/div>\n\t\t\t\t<\/div>\n\t\t\t\t<div class=\"elementor-element elementor-element-3dee234 elementor-widget elementor-widget-text-editor\" data-id=\"3dee234\" data-element_type=\"widget\" data-e-type=\"widget\" data-widget_type=\"text-editor.default\">\n\t\t\t\t<div class=\"elementor-widget-container\">\n\t\t\t\t\t\t\t\t\t<p>Our package for cyclists: the \u201cCycling Days at Lake D\u00fcmmer\u201d<\/p>\t\t\t\t\t\t\t\t<\/div>\n\t\t\t\t<\/div>\n\t\t\t\t<\/div>\n\t\t\t\t<\/div>\n\t\t\t\t<\/div>\n\t\t\t\t\t<\/div>\n\t\t\t\t<\/div>\n\t\t<div class=\"elementor-element elementor-element-b334e5b e-flex e-con-boxed e-con e-parent\" data-id=\"b334e5b\" data-element_type=\"container\" data-e-type=\"container\" data-settings=\"{&quot;background_background&quot;:&quot;classic&quot;}\">\n\t\t\t\t\t<div class=\"e-con-inner\">\n\t\t<div class=\"elementor-element elementor-element-a9705eb e-con-full e-flex e-con e-child\" data-id=\"a9705eb\" data-element_type=\"container\" data-e-type=\"container\">\n\t\t<div class=\"elementor-element elementor-element-1dd7ec8 e-con-full e-flex e-con e-child\" data-id=\"1dd7ec8\" data-element_type=\"container\" data-e-type=\"container\">\n\t\t<div class=\"elementor-element elementor-element-d8f52c0 e-con-full e-flex e-con e-child\" data-id=\"d8f52c0\" data-element_type=\"container\" data-e-type=\"container\">\n\t\t\t\t<div class=\"elementor-element elementor-element-f427756 elementor-widget elementor-widget-heading\" data-id=\"f427756\" data-element_type=\"widget\" data-e-type=\"widget\" data-widget_type=\"heading.default\">\n\t\t\t\t<div class=\"elementor-widget-container\">\n\t\t\t\t\t<h2 class=\"elementor-heading-title elementor-size-default\">Road cyclists &amp; mountain bikers<\/h2>\t\t\t\t<\/div>\n\t\t\t\t<\/div>\n\t\t\t\t<div class=\"elementor-element elementor-element-ec02890 elementor-widget elementor-widget-text-editor\" data-id=\"ec02890\" data-element_type=\"widget\" data-e-type=\"widget\" data-widget_type=\"text-editor.default\">\n\t\t\t\t<div class=\"elementor-widget-container\">\n\t\t\t\t\t\t\t\t\t<p>We were the first accommodation provider in Lower Saxony to receive the additional Bett &amp; Bike sports award in October 2013.<\/p><p>In addition to the criteria for Bed &amp; Bike establishments, we also meet the additional criteria for Bed &amp; Bike sports establishments.<\/p><p>Additional features include: a theft-proof room for storing your sports bikes, weather information at reception, energy bars for a power lunch, detailed cycling-specific tours\/tracks on a rental navigation device or as GPX\/GPS files for your own navigation device, laundry service, bike washing area, an extensive service corner with good tools for free use, advice on tour selection, breakdown or pick-up service, GPS tours and equipment, a massage service directly in the neighboring building, and guided tours by the hotel owner available upon request.<\/p>\t\t\t\t\t\t\t\t<\/div>\n\t\t\t\t<\/div>\n\t\t\t\t<\/div>\n\t\t<div class=\"elementor-element elementor-element-d73dbfb e-con-full e-flex e-con e-child\" data-id=\"d73dbfb\" data-element_type=\"container\" data-e-type=\"container\" data-settings=\"{&quot;background_background&quot;:&quot;classic&quot;}\">\n\t\t\t\t<div class=\"elementor-element elementor-element-25f46a8 elementor-widget elementor-widget-tp-gallery-listout\" data-id=\"25f46a8\" data-element_type=\"widget\" data-e-type=\"widget\" data-widget_type=\"tp-gallery-listout.default\">\n\t\t\t\t<div class=\"elementor-widget-container\">\n\t\t\t\t\t<div id=\"pt-plus-gallery-list\" class=\"gallery-list post69fb5fa3d6764  list-isotope-metro  gallery-style-1 hover-image-style-1\"  data-layout-type=\"metro\"  data-metro-columns=\"3\"  data-metro-style=\"style-1\"   data-id=\"post69fb5fa3d6764\" data-style=\"style-1\"  data-enable-isotope=\"1\"><div id=\"post69fb5fa3d6764\" class=\"tp-row post-inner-loop post69fb5fa3d6764\"><div class=\"grid-item metro-item1\" ><div class=\"gallery-list-content\">\n\n<div class=\"post-content-center\">\t\t\n\t<div class=\"post-hover-content\">\n\t\t<div class=\"meta-search-icon\">\t\n\t<a href=\"https:\/\/www.hotel-garni-zur-alten-post.de\/wp-content\/uploads\/2025\/07\/MTB.jpg\" data-elementor-open-lightbox=\"default\" data-elementor-lightbox-slideshow=\"icn-25f46a8\"><i class=\"fas fa-search-plus\" aria-hidden=\"true\"><\/i><\/a>\n<\/div>\t\t\t\t\t\t<div class=\"entry-content\">\n\tmountain bikers<\/div>\t<\/div>\n<\/div>\n\t<div class=\"gallery-bg-image-metro\" style=\"background:url(https:\/\/www.hotel-garni-zur-alten-post.de\/wp-content\/uploads\/2025\/07\/MTB.jpg)\"><\/div>\n<\/div><\/div><div class=\"grid-item metro-item2\" ><div class=\"gallery-list-content\">\n\n<div class=\"post-content-center\">\t\t\n\t<div class=\"post-hover-content\">\n\t\t<div class=\"meta-search-icon\">\t\n\t<a href=\"https:\/\/www.hotel-garni-zur-alten-post.de\/wp-content\/uploads\/2025\/07\/P1010318.jpg\" data-elementor-open-lightbox=\"default\" data-elementor-lightbox-slideshow=\"icn-25f46a8\"><i class=\"fas fa-search-plus\" aria-hidden=\"true\"><\/i><\/a>\n<\/div>\t\t\t\t\t\t<div class=\"entry-content\">\n\tracing cyclists<\/div>\t<\/div>\n<\/div>\n\t<div class=\"gallery-bg-image-metro\" style=\"background:url(https:\/\/www.hotel-garni-zur-alten-post.de\/wp-content\/uploads\/2025\/07\/P1010318.jpg)\"><\/div>\n<\/div><\/div><\/div><\/div>\t\t\t\t<\/div>\n\t\t\t\t<\/div>\n\t\t\t\t<\/div>\n\t\t\t\t<\/div>\n\t\t\t\t<\/div>\n\t\t\t\t\t<\/div>\n\t\t\t\t<\/div>\n\t\t<div class=\"elementor-element elementor-element-24bebb2 e-flex e-con-boxed e-con e-parent\" data-id=\"24bebb2\" data-element_type=\"container\" data-e-type=\"container\" data-settings=\"{&quot;background_background&quot;:&quot;classic&quot;}\">\n\t\t\t\t\t<div class=\"e-con-inner\">\n\t\t<div class=\"elementor-element elementor-element-7800811 e-con-full e-flex e-con e-child\" data-id=\"7800811\" data-element_type=\"container\" data-e-type=\"container\">\n\t\t<div class=\"elementor-element elementor-element-cecc80d e-con-full e-flex e-con e-child\" data-id=\"cecc80d\" data-element_type=\"container\" data-e-type=\"container\">\n\t\t<div class=\"elementor-element elementor-element-2c096e7 e-con-full e-flex e-con e-child\" data-id=\"2c096e7\" data-element_type=\"container\" data-e-type=\"container\">\n\t\t\t\t<div class=\"elementor-element elementor-element-ff1202f elementor-widget elementor-widget-text-editor\" data-id=\"ff1202f\" data-element_type=\"widget\" data-e-type=\"widget\" data-widget_type=\"text-editor.default\">\n\t\t\t\t<div class=\"elementor-widget-container\">\n\t\t\t\t\t\t\t\t\t<p>For cyclists, we've compiled and digitized six beautiful circular tours. We've naturally taken the right trail conditions into account! You'll mostly ride on paved farm tracks between fields or paved bike paths along roads.<\/p><p>Example: <a href=\"http:\/\/www.bikemap.net\/de\/route\/2334491-renn-lembruch-lemforde-haldem-bohmte-hunteburg-damme-dummerlohausen-lembruch-61km\/\" target=\"_blank\" rel=\"noopener\">Road bike tour Lembruch \u2013 Bohmte \u2013 Damme<\/a><\/p>\t\t\t\t\t\t\t\t<\/div>\n\t\t\t\t<\/div>\n\t\t\t\t<\/div>\n\t\t<div class=\"elementor-element elementor-element-c604645 e-con-full e-flex e-con e-child\" data-id=\"c604645\" data-element_type=\"container\" data-e-type=\"container\" data-settings=\"{&quot;background_background&quot;:&quot;classic&quot;}\">\n\t\t\t\t<div class=\"elementor-element elementor-element-e063081 elementor-widget elementor-widget-text-editor\" data-id=\"e063081\" data-element_type=\"widget\" data-e-type=\"widget\" data-widget_type=\"text-editor.default\">\n\t\t\t\t<div class=\"elementor-widget-container\">\n\t\t\t\t\t\t\t\t\t<p>We've developed and digitized eight tracks for mountain bikers. Since our hotel isn't located directly on the mountain, however, you'll need to load your bike and drive to the starting points. Please note: Some of these tracks involve rough terrain and ups and downs!<\/p><p>Example: <a href=\"https:\/\/www.bikemap.net\/de\/route\/1773287-wiehengebirgstour-i-mittelschwer-cloned-from-route-1379223\/\" target=\"_blank\" rel=\"noopener\">MTB Wiehengebirgs Tour<\/a><\/p>\t\t\t\t\t\t\t\t<\/div>\n\t\t\t\t<\/div>\n\t\t\t\t<\/div>\n\t\t\t\t<\/div>\n\t\t\t\t<\/div>\n\t\t\t\t\t<\/div>\n\t\t\t\t<\/div>\n\t\t\t\t<\/div>","protected":false},"excerpt":{"rendered":"<p>Radfahrer, Radwanderer &amp; Radurlauber Radwanderer &amp; Radurlauber Hauseigene Leihfahrr\u00e4der, Trockenraum, abschlie\u00dfbare Fahrradgarage mit Steckdosen f\u00fcr E-Bikes, Waschm\u00f6glichkeit, Leihnavigationsger\u00e4t und GPX\/GPS-Dateien f\u00fcr diverse Rundtouren im D\u00fcmmerland, Fahrradwerkstatt und unser vollwertiges Fr\u00fchst\u00fccksbuffet im gem\u00fctlichen Fr\u00fchst\u00fcckraum machen unser Hotel Garni besonders radlerfreundlich.Hierf\u00fcr erhielten wir die Bett &amp; Bike Auszeichnung des Allgemeinen Deutschen Fahrrad-Clubs (ADFC). Gerne versorgen wir Sie [&hellip;]<\/p>\n","protected":false},"author":1,"featured_media":0,"parent":0,"menu_order":0,"comment_status":"closed","ping_status":"open","template":"","meta":{"site-sidebar-layout":"no-sidebar","site-content-layout":"page-builder","ast-site-content-layout":"full-width-container","site-content-style":"unboxed","site-sidebar-style":"unboxed","ast-global-header-display":"disabled","ast-banner-title-visibility":"","ast-main-header-display":"","ast-hfb-above-header-display":"","ast-hfb-below-header-display":"","ast-hfb-mobile-header-display":"","site-post-title":"disabled","ast-breadcrumbs-content":"","ast-featured-img":"disabled","footer-sml-layout":"disabled","ast-disable-related-posts":"","theme-transparent-header-meta":"enabled","adv-header-id-meta":"","stick-header-meta":"","header-above-stick-meta":"","header-main-stick-meta":"","header-below-stick-meta":"","astra-migrate-meta-layouts":"set","ast-page-background-enabled":"default","ast-page-background-meta":{"desktop":{"background-color":"","background-image":"","background-repeat":"repeat","background-position":"center center","background-size":"auto","background-attachment":"scroll","background-type":"","background-media":"","overlay-type":"","overlay-color":"","overlay-opacity":"","overlay-gradient":""},"tablet":{"background-color":"","background-image":"","background-repeat":"repeat","background-position":"center center","background-size":"auto","background-attachment":"scroll","background-type":"","background-media":"","overlay-type":"","overlay-color":"","overlay-opacity":"","overlay-gradient":""},"mobile":{"background-color":"","background-image":"","background-repeat":"repeat","background-position":"center center","background-size":"auto","background-attachment":"scroll","background-type":"","background-media":"","overlay-type":"","overlay-color":"","overlay-opacity":"","overlay-gradient":""}},"ast-content-background-meta":{"desktop":{"background-color":"var(--ast-global-color-5)","background-image":"","background-repeat":"repeat","background-position":"center center","background-size":"auto","background-attachment":"scroll","background-type":"","background-media":"","overlay-type":"","overlay-color":"","overlay-opacity":"","overlay-gradient":""},"tablet":{"background-color":"var(--ast-global-color-5)","background-image":"","background-repeat":"repeat","background-position":"center center","background-size":"auto","background-attachment":"scroll","background-type":"","background-media":"","overlay-type":"","overlay-color":"","overlay-opacity":"","overlay-gradient":""},"mobile":{"background-color":"var(--ast-global-color-5)","background-image":"","background-repeat":"repeat","background-position":"center center","background-size":"auto","background-attachment":"scroll","background-type":"","background-media":"","overlay-type":"","overlay-color":"","overlay-opacity":"","overlay-gradient":""}},"footnotes":""},"class_list":["post-2129","page","type-page","status-publish","hentry"],"_links":{"self":[{"href":"https:\/\/www.hotel-garni-zur-alten-post.de\/en\/wp-json\/wp\/v2\/pages\/2129","targetHints":{"allow":["GET"]}}],"collection":[{"href":"https:\/\/www.hotel-garni-zur-alten-post.de\/en\/wp-json\/wp\/v2\/pages"}],"about":[{"href":"https:\/\/www.hotel-garni-zur-alten-post.de\/en\/wp-json\/wp\/v2\/types\/page"}],"author":[{"embeddable":true,"href":"https:\/\/www.hotel-garni-zur-alten-post.de\/en\/wp-json\/wp\/v2\/users\/1"}],"replies":[{"embeddable":true,"href":"https:\/\/www.hotel-garni-zur-alten-post.de\/en\/wp-json\/wp\/v2\/comments?post=2129"}],"version-history":[{"count":0,"href":"https:\/\/www.hotel-garni-zur-alten-post.de\/en\/wp-json\/wp\/v2\/pages\/2129\/revisions"}],"wp:attachment":[{"href":"https:\/\/www.hotel-garni-zur-alten-post.de\/en\/wp-json\/wp\/v2\/media?parent=2129"}],"curies":[{"name":"wp","href":"https:\/\/api.w.org\/{rel}","templated":true}]}}