{"id":2303,"date":"2025-07-18T14:45:07","date_gmt":"2025-07-18T12:45:07","guid":{"rendered":"https:\/\/www.hotel-garni-zur-alten-post.de\/?page_id=2303"},"modified":"2025-07-30T15:38:58","modified_gmt":"2025-07-30T13:38:58","slug":"ornithologen-naturfreunde","status":"publish","type":"page","link":"https:\/\/www.hotel-garni-zur-alten-post.de\/en\/ornithologen-naturfreunde\/","title":{"rendered":"Ornithologists &amp; nature lovers"},"content":{"rendered":"<div data-elementor-type=\"wp-page\" data-elementor-id=\"2303\" class=\"elementor elementor-2303\">\n\t\t\t\t<div class=\"elementor-element elementor-element-cd24d76 e-flex e-con-boxed e-con e-parent\" data-id=\"cd24d76\" data-element_type=\"container\" data-e-type=\"container\" data-settings=\"{&quot;background_background&quot;:&quot;classic&quot;}\">\n\t\t\t\t\t<div class=\"e-con-inner\">\n\t\t<div class=\"elementor-element elementor-element-ac7220f e-con-full e-flex e-con e-child\" data-id=\"ac7220f\" data-element_type=\"container\" data-e-type=\"container\">\n\t\t\t\t<div class=\"elementor-element elementor-element-5abaae7 elementor-widget elementor-widget-heading\" data-id=\"5abaae7\" data-element_type=\"widget\" data-e-type=\"widget\" data-widget_type=\"heading.default\">\n\t\t\t\t<div class=\"elementor-widget-container\">\n\t\t\t\t\t<h1 class=\"elementor-heading-title elementor-size-default\">Ornithologists &amp; nature lovers<\/h1>\t\t\t\t<\/div>\n\t\t\t\t<\/div>\n\t\t\t\t<\/div>\n\t\t\t\t\t<\/div>\n\t\t\t\t<\/div>\n\t\t<div class=\"elementor-element elementor-element-59483ad e-flex e-con-boxed e-con e-parent\" data-id=\"59483ad\" data-element_type=\"container\" data-e-type=\"container\" id=\"about\" data-settings=\"{&quot;background_background&quot;:&quot;classic&quot;}\">\n\t\t\t\t\t<div class=\"e-con-inner\">\n\t\t<div class=\"elementor-element elementor-element-8cb5da5 e-con-full e-flex e-con e-child\" data-id=\"8cb5da5\" data-element_type=\"container\" data-e-type=\"container\">\n\t\t<div class=\"elementor-element elementor-element-b089826 e-con-full e-flex e-con e-child\" data-id=\"b089826\" data-element_type=\"container\" data-e-type=\"container\">\n\t\t<div class=\"elementor-element elementor-element-b814796 e-con-full e-flex e-con e-child\" data-id=\"b814796\" data-element_type=\"container\" data-e-type=\"container\">\n\t\t\t\t<div class=\"elementor-element elementor-element-f9d8ceb elementor-widget elementor-widget-heading\" data-id=\"f9d8ceb\" data-element_type=\"widget\" data-e-type=\"widget\" data-widget_type=\"heading.default\">\n\t\t\t\t<div class=\"elementor-widget-container\">\n\t\t\t\t\t<h2 class=\"elementor-heading-title elementor-size-default\">For Ornithologists &amp; nature lovers<\/h2>\t\t\t\t<\/div>\n\t\t\t\t<\/div>\n\t\t\t\t<div class=\"elementor-element elementor-element-1f1c233 elementor-widget elementor-widget-text-editor\" data-id=\"1f1c233\" data-element_type=\"widget\" data-e-type=\"widget\" data-widget_type=\"text-editor.default\">\n\t\t\t\t<div class=\"elementor-widget-container\">\n\t\t\t\t\t\t\t\t\t<p>The EU bird sanctuary D\u00fcmmer Lowland and the Diepholz Moor Lowland offer ornithologists and nature observers a variety of interesting, sometimes very rare, bird species.<\/p><p>Particularly noteworthy is the annual resting place of the cranes in the Diepholz Moor lowlands.<br \/>The renaturalized moors, surrounded by agricultural land (primarily corn cultivation), represent a new, large resting area in Lower Saxony. In mild winters, small groups of cranes begin to overwinter.<\/p><p>Modern, new observation towers allow you to pursue your work or hobby regardless of the weather. Various nature trails provide information about the D\u00fcmmer Lowland natural area. The D\u00fcmmer Lake Nature Conservation Station houses a permanent exhibition that provides information about the formation of the D\u00fcmmer Lowland, its significance for nature and species conservation, and projects of the NLWKN (Lower Saxony State Office for Water Management, Coastal and Nature Conservation). Specialists at the nature conservation station regularly offer excursions on various topics.<\/p>\t\t\t\t\t\t\t\t<\/div>\n\t\t\t\t<\/div>\n\t\t\t\t<\/div>\n\t\t<div class=\"elementor-element elementor-element-6ea999e e-con-full e-flex e-con e-child\" data-id=\"6ea999e\" data-element_type=\"container\" data-e-type=\"container\" data-settings=\"{&quot;background_background&quot;:&quot;classic&quot;}\">\n\t\t\t\t<div class=\"elementor-element elementor-element-b357667 elementor-widget elementor-widget-tp-gallery-listout\" data-id=\"b357667\" data-element_type=\"widget\" data-e-type=\"widget\" data-widget_type=\"tp-gallery-listout.default\">\n\t\t\t\t<div class=\"elementor-widget-container\">\n\t\t\t\t\t<div id=\"pt-plus-gallery-list\" class=\"gallery-list post69fb5f5006f94  list-isotope-metro  gallery-style-1 hover-image-style-1\"  data-layout-type=\"metro\"  data-metro-columns=\"3\"  data-metro-style=\"style-1\"   data-id=\"post69fb5f5006f94\" data-style=\"style-1\"  data-enable-isotope=\"1\"><div id=\"post69fb5f5006f94\" class=\"tp-row post-inner-loop post69fb5f5006f94\"><div class=\"grid-item metro-item1\" ><div class=\"gallery-list-content\">\n\n<div class=\"post-content-center\">\t\t\n\t<div class=\"post-hover-content\">\n\t\t<div class=\"meta-search-icon\">\t\n\t<a href=\"https:\/\/www.hotel-garni-zur-alten-post.de\/wp-content\/uploads\/2025\/07\/Nilgaense-1-scaled.jpg\" data-elementor-open-lightbox=\"default\" data-elementor-lightbox-slideshow=\"icn-b357667\"><i class=\"fas fa-search-plus\" aria-hidden=\"true\"><\/i><\/a>\n<\/div>\t\t\t\t\t\t<div class=\"entry-content\">\n\tEgyptian geese<\/div>\t<\/div>\n<\/div>\n\t<div class=\"gallery-bg-image-metro\" style=\"background:url(https:\/\/www.hotel-garni-zur-alten-post.de\/wp-content\/uploads\/2025\/07\/Nilgaense-1-scaled.jpg)\"><\/div>\n<\/div><\/div><div class=\"grid-item metro-item2\" ><div class=\"gallery-list-content\">\n\n<div class=\"post-content-center\">\t\t\n\t<div class=\"post-hover-content\">\n\t\t<div class=\"meta-search-icon\">\t\n\t<a href=\"https:\/\/www.hotel-garni-zur-alten-post.de\/wp-content\/uploads\/2025\/07\/Nilgaense-2.jpg\" data-elementor-open-lightbox=\"default\" data-elementor-lightbox-slideshow=\"icn-b357667\"><i class=\"fas fa-search-plus\" aria-hidden=\"true\"><\/i><\/a>\n<\/div>\t\t\t\t\t\t<div class=\"entry-content\">\n\tEgyptian geese<\/div>\t<\/div>\n<\/div>\n\t<div class=\"gallery-bg-image-metro\" style=\"background:url(https:\/\/www.hotel-garni-zur-alten-post.de\/wp-content\/uploads\/2025\/07\/Nilgaense-2.jpg)\"><\/div>\n<\/div><\/div><div class=\"grid-item metro-item3\" ><div class=\"gallery-list-content\">\n\n<div class=\"post-content-center\">\t\t\n\t<div class=\"post-hover-content\">\n\t\t<div class=\"meta-search-icon\">\t\n\t<a href=\"https:\/\/www.hotel-garni-zur-alten-post.de\/wp-content\/uploads\/2025\/07\/Graugaense-1.jpg\" data-elementor-open-lightbox=\"default\" data-elementor-lightbox-slideshow=\"icn-b357667\"><i class=\"fas fa-search-plus\" aria-hidden=\"true\"><\/i><\/a>\n<\/div>\t\t\t\t\t\t<div class=\"entry-content\">\n\tGreylag geese<\/div>\t<\/div>\n<\/div>\n\t<div class=\"gallery-bg-image-metro\" style=\"background:url(https:\/\/www.hotel-garni-zur-alten-post.de\/wp-content\/uploads\/2025\/07\/Graugaense-1.jpg)\"><\/div>\n<\/div><\/div><div class=\"grid-item metro-item4\" ><div class=\"gallery-list-content\">\n\n<div class=\"post-content-center\">\t\t\n\t<div class=\"post-hover-content\">\n\t\t<div class=\"meta-search-icon\">\t\n\t<a href=\"https:\/\/www.hotel-garni-zur-alten-post.de\/wp-content\/uploads\/2025\/07\/Kraniche-1-scaled.jpg\" data-elementor-open-lightbox=\"default\" data-elementor-lightbox-slideshow=\"icn-b357667\"><i class=\"fas fa-search-plus\" aria-hidden=\"true\"><\/i><\/a>\n<\/div>\t\t\t\t\t\t<div class=\"entry-content\">\n\tCranes<\/div>\t<\/div>\n<\/div>\n\t<div class=\"gallery-bg-image-metro\" style=\"background:url(https:\/\/www.hotel-garni-zur-alten-post.de\/wp-content\/uploads\/2025\/07\/Kraniche-1-scaled.jpg)\"><\/div>\n<\/div><\/div><div class=\"grid-item metro-item5\" ><div class=\"gallery-list-content\">\n\n<div class=\"post-content-center\">\t\t\n\t<div class=\"post-hover-content\">\n\t\t<div class=\"meta-search-icon\">\t\n\t<a href=\"https:\/\/www.hotel-garni-zur-alten-post.de\/wp-content\/uploads\/2025\/07\/Silberreier-1.jpg\" data-elementor-open-lightbox=\"default\" data-elementor-lightbox-slideshow=\"icn-b357667\"><i class=\"fas fa-search-plus\" aria-hidden=\"true\"><\/i><\/a>\n<\/div>\t\t\t\t\t\t<div class=\"entry-content\">\n\tGreat Egret<\/div>\t<\/div>\n<\/div>\n\t<div class=\"gallery-bg-image-metro\" style=\"background:url(https:\/\/www.hotel-garni-zur-alten-post.de\/wp-content\/uploads\/2025\/07\/Silberreier-1.jpg)\"><\/div>\n<\/div><\/div><\/div><\/div>\t\t\t\t<\/div>\n\t\t\t\t<\/div>\n\t\t\t\t<\/div>\n\t\t\t\t<\/div>\n\t\t\t\t<\/div>\n\t\t\t\t\t<\/div>\n\t\t\t\t<\/div>\n\t\t<div class=\"elementor-element elementor-element-2f5f3686 e-flex e-con-boxed e-con e-parent\" data-id=\"2f5f3686\" data-element_type=\"container\" data-e-type=\"container\" data-settings=\"{&quot;background_background&quot;:&quot;classic&quot;}\">\n\t\t\t\t\t<div class=\"e-con-inner\">\n\t\t<div class=\"elementor-element elementor-element-5777c870 e-con-full e-flex e-con e-child\" data-id=\"5777c870\" data-element_type=\"container\" data-e-type=\"container\">\n\t\t<div class=\"elementor-element elementor-element-29690e0 e-con-full e-flex e-con e-child\" data-id=\"29690e0\" data-element_type=\"container\" data-e-type=\"container\" data-settings=\"{&quot;background_background&quot;:&quot;classic&quot;}\">\n\t\t\t\t<div class=\"elementor-element elementor-element-9e6a943 elementor-widget elementor-widget-heading\" data-id=\"9e6a943\" data-element_type=\"widget\" data-e-type=\"widget\" data-widget_type=\"heading.default\">\n\t\t\t\t<div class=\"elementor-widget-container\">\n\t\t\t\t\t<h2 class=\"elementor-heading-title elementor-size-default\">Interesting links<\/h2>\t\t\t\t<\/div>\n\t\t\t\t<\/div>\n\t\t\t\t<div class=\"elementor-element elementor-element-586d204 elementor-widget elementor-widget-text-editor\" data-id=\"586d204\" data-element_type=\"widget\" data-e-type=\"widget\" data-widget_type=\"text-editor.default\">\n\t\t\t\t<div class=\"elementor-widget-container\">\n\t\t\t\t\t\t\t\t\t<p>D\u00fcmmer See Nature Conservation Association \u2013 Nature Conservation Station:<br \/><a href=\"https:\/\/www.naturschutzring-duemmer.de\/\" target=\"_blank\" rel=\"noopener\">www.naturschutzring-duemmer.de<\/a><\/p><p>Information material for ornithologists and nature lovers:<br \/><a href=\"https:\/\/www.naturschutzring-duemmer.de\/Infomaterial.htm\" target=\"_blank\" rel=\"noopener\">www.naturschutzring-duemmer.de\/\u2026<\/a><\/p><p>Current count of resting cranes in the Diepholz Moor lowlands:<br \/><a href=\"https:\/\/www.kraniche.de\/de\/rastplaetze-in-deutschland.html\" target=\"_blank\" rel=\"noopener\">www.kraniche.de\/\u2026<\/a><\/p>\t\t\t\t\t\t\t\t<\/div>\n\t\t\t\t<\/div>\n\t\t\t\t<\/div>\n\t\t\t\t<\/div>\n\t\t\t\t\t<\/div>\n\t\t\t\t<\/div>\n\t\t\t\t<\/div>","protected":false},"excerpt":{"rendered":"<p>Ornithologen &amp; Naturfreunde F\u00fcr Ornithologen &amp; Naturfreunde Das EU Vogelschutzgebiet Naturraum D\u00fcmmerniederung und die Diepholzer Moorniederung bieten Ornithologen und Naturbeobachtern eine Vielzahl interessanter teils sehr seltener Vogelarten. Besonders hervorzuheben ist die j\u00e4hrliche Rast der Kraniche in der Diepholzer Moorniederung.Die von landwirtschaftlichen Fl\u00e4chen (v.a. Maisanbau) umgebenen renaturierten Moore stellen ein neues gro\u00dfes Rastgebiet in Niedersachsen. In [&hellip;]<\/p>\n","protected":false},"author":1,"featured_media":0,"parent":0,"menu_order":0,"comment_status":"closed","ping_status":"open","template":"","meta":{"site-sidebar-layout":"no-sidebar","site-content-layout":"page-builder","ast-site-content-layout":"full-width-container","site-content-style":"unboxed","site-sidebar-style":"unboxed","ast-global-header-display":"disabled","ast-banner-title-visibility":"","ast-main-header-display":"","ast-hfb-above-header-display":"","ast-hfb-below-header-display":"","ast-hfb-mobile-header-display":"","site-post-title":"disabled","ast-breadcrumbs-content":"","ast-featured-img":"disabled","footer-sml-layout":"disabled","ast-disable-related-posts":"","theme-transparent-header-meta":"enabled","adv-header-id-meta":"","stick-header-meta":"","header-above-stick-meta":"","header-main-stick-meta":"","header-below-stick-meta":"","astra-migrate-meta-layouts":"set","ast-page-background-enabled":"default","ast-page-background-meta":{"desktop":{"background-color":"","background-image":"","background-repeat":"repeat","background-position":"center center","background-size":"auto","background-attachment":"scroll","background-type":"","background-media":"","overlay-type":"","overlay-color":"","overlay-opacity":"","overlay-gradient":""},"tablet":{"background-color":"","background-image":"","background-repeat":"repeat","background-position":"center center","background-size":"auto","background-attachment":"scroll","background-type":"","background-media":"","overlay-type":"","overlay-color":"","overlay-opacity":"","overlay-gradient":""},"mobile":{"background-color":"","background-image":"","background-repeat":"repeat","background-position":"center center","background-size":"auto","background-attachment":"scroll","background-type":"","background-media":"","overlay-type":"","overlay-color":"","overlay-opacity":"","overlay-gradient":""}},"ast-content-background-meta":{"desktop":{"background-color":"var(--ast-global-color-5)","background-image":"","background-repeat":"repeat","background-position":"center center","background-size":"auto","background-attachment":"scroll","background-type":"","background-media":"","overlay-type":"","overlay-color":"","overlay-opacity":"","overlay-gradient":""},"tablet":{"background-color":"var(--ast-global-color-5)","background-image":"","background-repeat":"repeat","background-position":"center center","background-size":"auto","background-attachment":"scroll","background-type":"","background-media":"","overlay-type":"","overlay-color":"","overlay-opacity":"","overlay-gradient":""},"mobile":{"background-color":"var(--ast-global-color-5)","background-image":"","background-repeat":"repeat","background-position":"center center","background-size":"auto","background-attachment":"scroll","background-type":"","background-media":"","overlay-type":"","overlay-color":"","overlay-opacity":"","overlay-gradient":""}},"footnotes":""},"class_list":["post-2303","page","type-page","status-publish","hentry"],"_links":{"self":[{"href":"https:\/\/www.hotel-garni-zur-alten-post.de\/en\/wp-json\/wp\/v2\/pages\/2303","targetHints":{"allow":["GET"]}}],"collection":[{"href":"https:\/\/www.hotel-garni-zur-alten-post.de\/en\/wp-json\/wp\/v2\/pages"}],"about":[{"href":"https:\/\/www.hotel-garni-zur-alten-post.de\/en\/wp-json\/wp\/v2\/types\/page"}],"author":[{"embeddable":true,"href":"https:\/\/www.hotel-garni-zur-alten-post.de\/en\/wp-json\/wp\/v2\/users\/1"}],"replies":[{"embeddable":true,"href":"https:\/\/www.hotel-garni-zur-alten-post.de\/en\/wp-json\/wp\/v2\/comments?post=2303"}],"version-history":[{"count":0,"href":"https:\/\/www.hotel-garni-zur-alten-post.de\/en\/wp-json\/wp\/v2\/pages\/2303\/revisions"}],"wp:attachment":[{"href":"https:\/\/www.hotel-garni-zur-alten-post.de\/en\/wp-json\/wp\/v2\/media?parent=2303"}],"curies":[{"name":"wp","href":"https:\/\/api.w.org\/{rel}","templated":true}]}}