{"id":2316,"date":"2025-07-21T09:52:18","date_gmt":"2025-07-21T07:52:18","guid":{"rendered":"https:\/\/www.hotel-garni-zur-alten-post.de\/?page_id=2316"},"modified":"2026-03-05T09:28:29","modified_gmt":"2026-03-05T08:28:29","slug":"gruppen-vereine","status":"publish","type":"page","link":"https:\/\/www.hotel-garni-zur-alten-post.de\/en\/gruppen-vereine\/","title":{"rendered":"Groups and clubs"},"content":{"rendered":"<div data-elementor-type=\"wp-page\" data-elementor-id=\"2316\" class=\"elementor elementor-2316\">\n\t\t\t\t<div class=\"elementor-element elementor-element-cd24d76 e-flex e-con-boxed e-con e-parent\" data-id=\"cd24d76\" data-element_type=\"container\" data-e-type=\"container\" data-settings=\"{&quot;background_background&quot;:&quot;classic&quot;}\">\n\t\t\t\t\t<div class=\"e-con-inner\">\n\t\t<div class=\"elementor-element elementor-element-ac7220f e-con-full e-flex e-con e-child\" data-id=\"ac7220f\" data-element_type=\"container\" data-e-type=\"container\">\n\t\t\t\t<div class=\"elementor-element elementor-element-5abaae7 elementor-widget elementor-widget-heading\" data-id=\"5abaae7\" data-element_type=\"widget\" data-e-type=\"widget\" data-widget_type=\"heading.default\">\n\t\t\t\t<div class=\"elementor-widget-container\">\n\t\t\t\t\t<h1 class=\"elementor-heading-title elementor-size-default\">Groups and clubs<\/h1>\t\t\t\t<\/div>\n\t\t\t\t<\/div>\n\t\t\t\t<\/div>\n\t\t\t\t\t<\/div>\n\t\t\t\t<\/div>\n\t\t<div class=\"elementor-element elementor-element-59483ad e-flex e-con-boxed e-con e-parent\" data-id=\"59483ad\" data-element_type=\"container\" data-e-type=\"container\" id=\"about\" data-settings=\"{&quot;background_background&quot;:&quot;classic&quot;}\">\n\t\t\t\t\t<div class=\"e-con-inner\">\n\t\t<div class=\"elementor-element elementor-element-8cb5da5 e-con-full e-flex e-con e-child\" data-id=\"8cb5da5\" data-element_type=\"container\" data-e-type=\"container\">\n\t\t<div class=\"elementor-element elementor-element-b089826 e-con-full e-flex e-con e-child\" data-id=\"b089826\" data-element_type=\"container\" data-e-type=\"container\">\n\t\t<div class=\"elementor-element elementor-element-b814796 e-con-full e-flex e-con e-child\" data-id=\"b814796\" data-element_type=\"container\" data-e-type=\"container\">\n\t\t\t\t<div class=\"elementor-element elementor-element-08f5b3a elementor-widget elementor-widget-heading\" data-id=\"08f5b3a\" data-element_type=\"widget\" data-e-type=\"widget\" data-widget_type=\"heading.default\">\n\t\t\t\t<div class=\"elementor-widget-container\">\n\t\t\t\t\t<h2 class=\"elementor-heading-title elementor-size-default\">For groups and clubs<\/h2>\t\t\t\t<\/div>\n\t\t\t\t<\/div>\n\t\t\t\t<div class=\"elementor-element elementor-element-1f1c233 elementor-widget elementor-widget-text-editor\" data-id=\"1f1c233\" data-element_type=\"widget\" data-e-type=\"widget\" data-widget_type=\"text-editor.default\">\n\t\t\t\t<div class=\"elementor-widget-container\">\n\t\t\t\t\t\t\t\t\t<p>26 hotel rooms and two holiday apartments make it possible for larger groups and clubs to stay together in one house and enjoy a holiday together.<br \/>A conservatory and a gazebo in our gardens invite you to socialize. Our large terrace by the conservatory also offers a great place to sit outside. We often host cozy barbecue evenings here, which we organize for you.<\/p><p>Of course, there is also a good selection of chilled drinks.<\/p>\t\t\t\t\t\t\t\t<\/div>\n\t\t\t\t<\/div>\n\t\t\t\t<\/div>\n\t\t<div class=\"elementor-element elementor-element-6ea999e e-con-full e-flex e-con e-child\" data-id=\"6ea999e\" data-element_type=\"container\" data-e-type=\"container\" data-settings=\"{&quot;background_background&quot;:&quot;classic&quot;}\">\n\t\t\t\t<div class=\"elementor-element elementor-element-1b5221e elementor-widget elementor-widget-tp-gallery-listout\" data-id=\"1b5221e\" data-element_type=\"widget\" data-e-type=\"widget\" data-widget_type=\"tp-gallery-listout.default\">\n\t\t\t\t<div class=\"elementor-widget-container\">\n\t\t\t\t\t<div id=\"pt-plus-gallery-list\" class=\"gallery-list post69fb4cc7dc972  list-isotope-metro  gallery-style-1 hover-image-style-1\"  data-layout-type=\"metro\"  data-metro-columns=\"3\"  data-metro-style=\"style-1\"   data-id=\"post69fb4cc7dc972\" data-style=\"style-1\"  data-enable-isotope=\"1\"><div id=\"post69fb4cc7dc972\" class=\"tp-row post-inner-loop post69fb4cc7dc972\"><div class=\"grid-item metro-item1\" ><div class=\"gallery-list-content\">\n\n<div class=\"post-content-center\">\t\t\n\t<div class=\"post-hover-content\">\n\t\t<div class=\"meta-search-icon\">\t\n\t<a href=\"https:\/\/www.hotel-garni-zur-alten-post.de\/wp-content\/uploads\/2025\/06\/Zur_Alten_Post_35.jpg\" data-elementor-open-lightbox=\"default\" data-elementor-lightbox-slideshow=\"icn-1b5221e\"><i class=\"fas fa-search-plus\" aria-hidden=\"true\"><\/i><\/a>\n<\/div>\t\t\t\t\t\t\t<\/div>\n<\/div>\n\t<div class=\"gallery-bg-image-metro\" style=\"background:url(https:\/\/www.hotel-garni-zur-alten-post.de\/wp-content\/uploads\/2025\/06\/Zur_Alten_Post_35.jpg)\"><\/div>\n<\/div><\/div><div class=\"grid-item metro-item2\" ><div class=\"gallery-list-content\">\n\n<div class=\"post-content-center\">\t\t\n\t<div class=\"post-hover-content\">\n\t\t<div class=\"meta-search-icon\">\t\n\t<a href=\"https:\/\/www.hotel-garni-zur-alten-post.de\/wp-content\/uploads\/2025\/07\/Zur_Alten_Post_33.jpg\" data-elementor-open-lightbox=\"default\" data-elementor-lightbox-slideshow=\"icn-1b5221e\"><i class=\"fas fa-search-plus\" aria-hidden=\"true\"><\/i><\/a>\n<\/div>\t\t\t\t\t\t\t<\/div>\n<\/div>\n\t<div class=\"gallery-bg-image-metro\" style=\"background:url(https:\/\/www.hotel-garni-zur-alten-post.de\/wp-content\/uploads\/2025\/07\/Zur_Alten_Post_33.jpg)\"><\/div>\n<\/div><\/div><div class=\"grid-item metro-item3\" ><div class=\"gallery-list-content\">\n\n<div class=\"post-content-center\">\t\t\n\t<div class=\"post-hover-content\">\n\t\t<div class=\"meta-search-icon\">\t\n\t<a href=\"https:\/\/www.hotel-garni-zur-alten-post.de\/wp-content\/uploads\/2025\/06\/Zur_Alten_Post_3.jpg\" data-elementor-open-lightbox=\"default\" data-elementor-lightbox-slideshow=\"icn-1b5221e\"><i class=\"fas fa-search-plus\" aria-hidden=\"true\"><\/i><\/a>\n<\/div>\t\t\t\t\t\t\t<\/div>\n<\/div>\n\t<div class=\"gallery-bg-image-metro\" style=\"background:url(https:\/\/www.hotel-garni-zur-alten-post.de\/wp-content\/uploads\/2025\/06\/Zur_Alten_Post_3.jpg)\"><\/div>\n<\/div><\/div><div class=\"grid-item metro-item4\" ><div class=\"gallery-list-content\">\n\n<div class=\"post-content-center\">\t\t\n\t<div class=\"post-hover-content\">\n\t\t<div class=\"meta-search-icon\">\t\n\t<a href=\"https:\/\/www.hotel-garni-zur-alten-post.de\/wp-content\/uploads\/2025\/07\/Zur_Alten_Post_1.jpg\" data-elementor-open-lightbox=\"default\" data-elementor-lightbox-slideshow=\"icn-1b5221e\"><i class=\"fas fa-search-plus\" aria-hidden=\"true\"><\/i><\/a>\n<\/div>\t\t\t\t\t\t\t<\/div>\n<\/div>\n\t<div class=\"gallery-bg-image-metro\" style=\"background:url(https:\/\/www.hotel-garni-zur-alten-post.de\/wp-content\/uploads\/2025\/07\/Zur_Alten_Post_1.jpg)\"><\/div>\n<\/div><\/div><div class=\"grid-item metro-item5\" ><div class=\"gallery-list-content\">\n\n<div class=\"post-content-center\">\t\t\n\t<div class=\"post-hover-content\">\n\t\t<div class=\"meta-search-icon\">\t\n\t<a href=\"https:\/\/www.hotel-garni-zur-alten-post.de\/wp-content\/uploads\/2025\/07\/P1010318.jpg\" data-elementor-open-lightbox=\"default\" data-elementor-lightbox-slideshow=\"icn-1b5221e\"><i class=\"fas fa-search-plus\" aria-hidden=\"true\"><\/i><\/a>\n<\/div>\t\t\t\t\t\t<div class=\"entry-content\">\n\tracing cyclists<\/div>\t<\/div>\n<\/div>\n\t<div class=\"gallery-bg-image-metro\" style=\"background:url(https:\/\/www.hotel-garni-zur-alten-post.de\/wp-content\/uploads\/2025\/07\/P1010318.jpg)\"><\/div>\n<\/div><\/div><\/div><\/div>\t\t\t\t<\/div>\n\t\t\t\t<\/div>\n\t\t\t\t<\/div>\n\t\t\t\t<\/div>\n\t\t\t\t<\/div>\n\t\t\t\t\t<\/div>\n\t\t\t\t<\/div>\n\t\t<div class=\"elementor-element elementor-element-9abdcd5 e-flex e-con-boxed e-con e-parent\" data-id=\"9abdcd5\" data-element_type=\"container\" data-e-type=\"container\" data-settings=\"{&quot;background_background&quot;:&quot;classic&quot;}\">\n\t\t\t\t\t<div class=\"e-con-inner\">\n\t\t<div class=\"elementor-element elementor-element-5e93b34 e-con-full e-flex e-con e-child\" data-id=\"5e93b34\" data-element_type=\"container\" data-e-type=\"container\">\n\t\t<div class=\"elementor-element elementor-element-1153ed9 e-con-full e-flex e-con e-child\" data-id=\"1153ed9\" data-element_type=\"container\" data-e-type=\"container\">\n\t\t<div class=\"elementor-element elementor-element-597ec18 e-con-full e-flex e-con e-child\" data-id=\"597ec18\" data-element_type=\"container\" data-e-type=\"container\">\n\t\t\t\t<div class=\"elementor-element elementor-element-7069934 elementor-widget elementor-widget-heading\" data-id=\"7069934\" data-element_type=\"widget\" data-e-type=\"widget\" data-widget_type=\"heading.default\">\n\t\t\t\t<div class=\"elementor-widget-container\">\n\t\t\t\t\t<h2 class=\"elementor-heading-title elementor-size-default\">Food &amp; Drink<\/h2>\t\t\t\t<\/div>\n\t\t\t\t<\/div>\n\t\t\t\t<div class=\"elementor-element elementor-element-58546c7 elementor-widget elementor-widget-heading\" data-id=\"58546c7\" data-element_type=\"widget\" data-e-type=\"widget\" data-widget_type=\"heading.default\">\n\t\t\t\t<div class=\"elementor-widget-container\">\n\t\t\t\t\t<h3 class=\"elementor-heading-title elementor-size-default\">Rustic grill buffet<\/h3>\t\t\t\t<\/div>\n\t\t\t\t<\/div>\n\t\t\t\t<div class=\"elementor-element elementor-element-7976e8c elementor-widget elementor-widget-text-editor\" data-id=\"7976e8c\" data-element_type=\"widget\" data-e-type=\"widget\" data-widget_type=\"text-editor.default\">\n\t\t\t\t<div class=\"elementor-widget-container\">\n\t\t\t\t\t\t\t\t\t<p>The barbecue buffet in our lovingly landscaped garden includes a variety of salads, side dishes, sauces, and delicious meat specialties from the local family butcher. Enjoy a rustic and cozy evening in our garden, perhaps as a group. Seating for up to 60 people is available. Our affordable beverage service rounds out this offering.<br \/><b>Price per person (from 10 people): 27,50 \u20ac<\/b><\/p>\t\t\t\t\t\t\t\t<\/div>\n\t\t\t\t<\/div>\n\t\t\t\t<div class=\"elementor-element elementor-element-dafb723 elementor-widget elementor-widget-heading\" data-id=\"dafb723\" data-element_type=\"widget\" data-e-type=\"widget\" data-widget_type=\"heading.default\">\n\t\t\t\t<div class=\"elementor-widget-container\">\n\t\t\t\t\t<h3 class=\"elementor-heading-title elementor-size-default\">Spit roast dinner<\/h3>\t\t\t\t<\/div>\n\t\t\t\t<\/div>\n\t\t\t\t<div class=\"elementor-element elementor-element-35bd1d7 elementor-widget elementor-widget-text-editor\" data-id=\"35bd1d7\" data-element_type=\"widget\" data-e-type=\"widget\" data-widget_type=\"text-editor.default\">\n\t\t\t\t<div class=\"elementor-widget-container\">\n\t\t\t\t\t\t\t\t\t<p>At our spit roast dinner, we cook various types of spit roast over several hours on our special grill. The spit roasts are marinated in various spice and herb mixtures for over a day beforehand. We serve delicious fried potatoes as a side dish and also offer a side dish buffet with various salads and sauces.<br \/><b>Price per person (from 10 people): 27,50 \u20ac<\/b><\/p>\t\t\t\t\t\t\t\t<\/div>\n\t\t\t\t<\/div>\n\t\t\t\t<div class=\"elementor-element elementor-element-4d210f4 elementor-widget elementor-widget-heading\" data-id=\"4d210f4\" data-element_type=\"widget\" data-e-type=\"widget\" data-widget_type=\"heading.default\">\n\t\t\t\t<div class=\"elementor-widget-container\">\n\t\t\t\t\t<h3 class=\"elementor-heading-title elementor-size-default\">Restaurant<\/h3>\t\t\t\t<\/div>\n\t\t\t\t<\/div>\n\t\t\t\t<div class=\"elementor-element elementor-element-bef3379 elementor-widget elementor-widget-text-editor\" data-id=\"bef3379\" data-element_type=\"widget\" data-e-type=\"widget\" data-widget_type=\"text-editor.default\">\n\t\t\t\t<div class=\"elementor-widget-container\">\n\t\t\t\t\t\t\t\t\t<p>As a bed-and-breakfast hotel, we do not offer hot meals or a restaurant. You can choose from a variety of restaurants in town or around Lake D\u00fcmmer. The restaurants in town are just a few minutes' walk away. We are happy to advise you and arrange table reservations with our colleagues.<\/p>\t\t\t\t\t\t\t\t<\/div>\n\t\t\t\t<\/div>\n\t\t\t\t<div class=\"elementor-element elementor-element-4f94bca elementor-widget elementor-widget-text-editor\" data-id=\"4f94bca\" data-element_type=\"widget\" data-e-type=\"widget\" data-widget_type=\"text-editor.default\">\n\t\t\t\t<div class=\"elementor-widget-container\">\n\t\t\t\t\t\t\t\t\t<p>As of 03\/2026 all previous price lists are hereby no longer valid<\/p>\t\t\t\t\t\t\t\t<\/div>\n\t\t\t\t<\/div>\n\t\t\t\t<\/div>\n\t\t<div class=\"elementor-element elementor-element-a1366be e-con-full e-flex e-con e-child\" data-id=\"a1366be\" data-element_type=\"container\" data-e-type=\"container\" data-settings=\"{&quot;background_background&quot;:&quot;classic&quot;}\">\n\t\t\t\t<div class=\"elementor-element elementor-element-bdba29e elementor-widget elementor-widget-tp-gallery-listout\" data-id=\"bdba29e\" data-element_type=\"widget\" data-e-type=\"widget\" data-widget_type=\"tp-gallery-listout.default\">\n\t\t\t\t<div class=\"elementor-widget-container\">\n\t\t\t\t\t<div id=\"pt-plus-gallery-list\" class=\"gallery-list post69fb4cc7e1b8e  list-isotope-metro  gallery-style-1 hover-image-style-1\"  data-layout-type=\"metro\"  data-metro-columns=\"3\"  data-metro-style=\"style-1\"   data-id=\"post69fb4cc7e1b8e\" data-style=\"style-1\"  data-enable-isotope=\"1\"><div id=\"post69fb4cc7e1b8e\" class=\"tp-row post-inner-loop post69fb4cc7e1b8e\"><div class=\"grid-item metro-item1\" ><div class=\"gallery-list-content\">\n\n<div class=\"post-content-center\">\t\t\n\t<div class=\"post-hover-content\">\n\t\t<div class=\"meta-search-icon\">\t\n\t<a href=\"https:\/\/www.hotel-garni-zur-alten-post.de\/wp-content\/uploads\/2025\/07\/Hotel-Garni-zur-Alten-Post-Buffet.jpg\" data-elementor-open-lightbox=\"default\" data-elementor-lightbox-slideshow=\"icn-bdba29e\"><i class=\"fas fa-search-plus\" aria-hidden=\"true\"><\/i><\/a>\n<\/div>\t\t\t\t\t\t<div class=\"entry-content\">\n\tat the grill buffet<\/div>\t<\/div>\n<\/div>\n\t<div class=\"gallery-bg-image-metro\" style=\"background:url(https:\/\/www.hotel-garni-zur-alten-post.de\/wp-content\/uploads\/2025\/07\/Hotel-Garni-zur-Alten-Post-Buffet.jpg)\"><\/div>\n<\/div><\/div><div class=\"grid-item metro-item2\" ><div class=\"gallery-list-content\">\n\n<div class=\"post-content-center\">\t\t\n\t<div class=\"post-hover-content\">\n\t\t<div class=\"meta-search-icon\">\t\n\t<a href=\"https:\/\/www.hotel-garni-zur-alten-post.de\/wp-content\/uploads\/2025\/07\/Hotel-Garni-zur-Alten-Post-Salat-Buffet-2.jpg\" data-elementor-open-lightbox=\"default\" data-elementor-lightbox-slideshow=\"icn-bdba29e\"><i class=\"fas fa-search-plus\" aria-hidden=\"true\"><\/i><\/a>\n<\/div>\t\t\t\t\t\t<div class=\"entry-content\">\n\tSalads<\/div>\t<\/div>\n<\/div>\n\t<div class=\"gallery-bg-image-metro\" style=\"background:url(https:\/\/www.hotel-garni-zur-alten-post.de\/wp-content\/uploads\/2025\/07\/Hotel-Garni-zur-Alten-Post-Salat-Buffet-2.jpg)\"><\/div>\n<\/div><\/div><div class=\"grid-item metro-item3\" ><div class=\"gallery-list-content\">\n\n<div class=\"post-content-center\">\t\t\n\t<div class=\"post-hover-content\">\n\t\t<div class=\"meta-search-icon\">\t\n\t<a href=\"https:\/\/www.hotel-garni-zur-alten-post.de\/wp-content\/uploads\/2025\/07\/Hotel-Garni-zur-Alten-Post-Salat-Buffet.jpg\" data-elementor-open-lightbox=\"default\" data-elementor-lightbox-slideshow=\"icn-bdba29e\"><i class=\"fas fa-search-plus\" aria-hidden=\"true\"><\/i><\/a>\n<\/div>\t\t\t\t\t\t<div class=\"entry-content\">\n\tSalads<\/div>\t<\/div>\n<\/div>\n\t<div class=\"gallery-bg-image-metro\" style=\"background:url(https:\/\/www.hotel-garni-zur-alten-post.de\/wp-content\/uploads\/2025\/07\/Hotel-Garni-zur-Alten-Post-Salat-Buffet.jpg)\"><\/div>\n<\/div><\/div><div class=\"grid-item metro-item4\" ><div class=\"gallery-list-content\">\n\n<div class=\"post-content-center\">\t\t\n\t<div class=\"post-hover-content\">\n\t\t<div class=\"meta-search-icon\">\t\n\t<a href=\"https:\/\/www.hotel-garni-zur-alten-post.de\/wp-content\/uploads\/2025\/07\/Hotel-Garni-zur-Alten-Post-Spiessbraten.jpg\" data-elementor-open-lightbox=\"default\" data-elementor-lightbox-slideshow=\"icn-bdba29e\"><i class=\"fas fa-search-plus\" aria-hidden=\"true\"><\/i><\/a>\n<\/div>\t\t\t\t\t\t<div class=\"entry-content\">\n\tSpit roast dinner<\/div>\t<\/div>\n<\/div>\n\t<div class=\"gallery-bg-image-metro\" style=\"background:url(https:\/\/www.hotel-garni-zur-alten-post.de\/wp-content\/uploads\/2025\/07\/Hotel-Garni-zur-Alten-Post-Spiessbraten.jpg)\"><\/div>\n<\/div><\/div><div class=\"grid-item metro-item5\" ><div class=\"gallery-list-content\">\n\n<div class=\"post-content-center\">\t\t\n\t<div class=\"post-hover-content\">\n\t\t<div class=\"meta-search-icon\">\t\n\t<a href=\"https:\/\/www.hotel-garni-zur-alten-post.de\/wp-content\/uploads\/2025\/07\/Hotel-Garni-zur-Alten-Post-Biergarten.jpg\" data-elementor-open-lightbox=\"default\" data-elementor-lightbox-slideshow=\"icn-bdba29e\"><i class=\"fas fa-search-plus\" aria-hidden=\"true\"><\/i><\/a>\n<\/div>\t\t\t\t\t\t<div class=\"entry-content\">\n\tSociability<\/div>\t<\/div>\n<\/div>\n\t<div class=\"gallery-bg-image-metro\" style=\"background:url(https:\/\/www.hotel-garni-zur-alten-post.de\/wp-content\/uploads\/2025\/07\/Hotel-Garni-zur-Alten-Post-Biergarten.jpg)\"><\/div>\n<\/div><\/div><\/div><\/div>\t\t\t\t<\/div>\n\t\t\t\t<\/div>\n\t\t\t\t<\/div>\n\t\t\t\t<\/div>\n\t\t\t\t<\/div>\n\t\t\t\t\t<\/div>\n\t\t\t\t<\/div>\n\t\t<div class=\"elementor-element elementor-element-ad57683 e-flex e-con-boxed e-con e-parent\" data-id=\"ad57683\" data-element_type=\"container\" data-e-type=\"container\" data-settings=\"{&quot;background_background&quot;:&quot;classic&quot;}\">\n\t\t\t\t\t<div class=\"e-con-inner\">\n\t\t<div class=\"elementor-element elementor-element-0378d0c e-con-full e-flex e-con e-child\" data-id=\"0378d0c\" data-element_type=\"container\" data-e-type=\"container\">\n\t\t<div class=\"elementor-element elementor-element-4133f58 e-con-full e-flex e-con e-child\" data-id=\"4133f58\" data-element_type=\"container\" data-e-type=\"container\">\n\t\t<div class=\"elementor-element elementor-element-dd99743 e-con-full e-flex e-con e-child\" data-id=\"dd99743\" data-element_type=\"container\" data-e-type=\"container\">\n\t\t\t\t<div class=\"elementor-element elementor-element-57a3b46 elementor-widget elementor-widget-heading\" data-id=\"57a3b46\" data-element_type=\"widget\" data-e-type=\"widget\" data-widget_type=\"heading.default\">\n\t\t\t\t<div class=\"elementor-widget-container\">\n\t\t\t\t\t<h2 class=\"elementor-heading-title elementor-size-default\">Beer garden<\/h2>\t\t\t\t<\/div>\n\t\t\t\t<\/div>\n\t\t\t\t<div class=\"elementor-element elementor-element-fa56b09 elementor-widget elementor-widget-text-editor\" data-id=\"fa56b09\" data-element_type=\"widget\" data-e-type=\"widget\" data-widget_type=\"text-editor.default\">\n\t\t\t\t<div class=\"elementor-widget-container\">\n\t\t\t\t\t\t\t\t\t<p>In our beer garden, we've created various amenities for small and large gatherings. You can retreat to a quiet seating area and listen to the splashing of the fountain while sipping a glass of sparkling wine, or you can sit comfortably with the whole club and enjoy a delicious beer. Seating for up to 60 people is available.<\/p><p>However, consuming drinks brought outside is not permitted in our entire beer garden!<\/p>\t\t\t\t\t\t\t\t<\/div>\n\t\t\t\t<\/div>\n\t\t\t\t<\/div>\n\t\t<div class=\"elementor-element elementor-element-ac6ebf5 e-con-full e-flex e-con e-child\" data-id=\"ac6ebf5\" data-element_type=\"container\" data-e-type=\"container\" data-settings=\"{&quot;background_background&quot;:&quot;classic&quot;}\">\n\t\t\t\t<div class=\"elementor-element elementor-element-e9425fe elementor-widget elementor-widget-tp-gallery-listout\" data-id=\"e9425fe\" data-element_type=\"widget\" data-e-type=\"widget\" data-widget_type=\"tp-gallery-listout.default\">\n\t\t\t\t<div class=\"elementor-widget-container\">\n\t\t\t\t\t<div id=\"pt-plus-gallery-list\" class=\"gallery-list post69fb4cc7e5801  list-isotope-metro  gallery-style-1 hover-image-style-1\"  data-layout-type=\"metro\"  data-metro-columns=\"3\"  data-metro-style=\"style-1\"   data-id=\"post69fb4cc7e5801\" data-style=\"style-1\"  data-enable-isotope=\"1\"><div id=\"post69fb4cc7e5801\" class=\"tp-row post-inner-loop post69fb4cc7e5801\"><div class=\"grid-item metro-item1\" ><div class=\"gallery-list-content\">\n\n<div class=\"post-content-center\">\t\t\n\t<div class=\"post-hover-content\">\n\t\t<div class=\"meta-search-icon\">\t\n\t<a href=\"https:\/\/www.hotel-garni-zur-alten-post.de\/wp-content\/uploads\/2025\/07\/Zur_Alten_Post_13.jpg\" data-elementor-open-lightbox=\"default\" data-elementor-lightbox-slideshow=\"icn-e9425fe\"><i class=\"fas fa-search-plus\" aria-hidden=\"true\"><\/i><\/a>\n<\/div>\t\t\t\t\t\t<div class=\"entry-content\">\n\tfreshly tapped beer<\/div>\t<\/div>\n<\/div>\n\t<div class=\"gallery-bg-image-metro\" style=\"background:url(https:\/\/www.hotel-garni-zur-alten-post.de\/wp-content\/uploads\/2025\/07\/Zur_Alten_Post_13.jpg)\"><\/div>\n<\/div><\/div><div class=\"grid-item metro-item2\" ><div class=\"gallery-list-content\">\n\n<div class=\"post-content-center\">\t\t\n\t<div class=\"post-hover-content\">\n\t\t<div class=\"meta-search-icon\">\t\n\t<a href=\"https:\/\/www.hotel-garni-zur-alten-post.de\/wp-content\/uploads\/2025\/06\/Zur_Alten_Post_45.jpg\" data-elementor-open-lightbox=\"default\" data-elementor-lightbox-slideshow=\"icn-e9425fe\"><i class=\"fas fa-search-plus\" aria-hidden=\"true\"><\/i><\/a>\n<\/div>\t\t\t\t\t\t<div class=\"entry-content\">\n\tsocial sitting<\/div>\t<\/div>\n<\/div>\n\t<div class=\"gallery-bg-image-metro\" style=\"background:url(https:\/\/www.hotel-garni-zur-alten-post.de\/wp-content\/uploads\/2025\/06\/Zur_Alten_Post_45.jpg)\"><\/div>\n<\/div><\/div><div class=\"grid-item metro-item3\" ><div class=\"gallery-list-content\">\n\n<div class=\"post-content-center\">\t\t\n\t<div class=\"post-hover-content\">\n\t\t<div class=\"meta-search-icon\">\t\n\t<a href=\"https:\/\/www.hotel-garni-zur-alten-post.de\/wp-content\/uploads\/2025\/07\/Hotel-Garni-zur-Alten-Post-Biergarten-2.jpg\" data-elementor-open-lightbox=\"default\" data-elementor-lightbox-slideshow=\"icn-e9425fe\"><i class=\"fas fa-search-plus\" aria-hidden=\"true\"><\/i><\/a>\n<\/div>\t\t\t\t\t\t<div class=\"entry-content\">\n\tBeer garden<\/div>\t<\/div>\n<\/div>\n\t<div class=\"gallery-bg-image-metro\" style=\"background:url(https:\/\/www.hotel-garni-zur-alten-post.de\/wp-content\/uploads\/2025\/07\/Hotel-Garni-zur-Alten-Post-Biergarten-2.jpg)\"><\/div>\n<\/div><\/div><\/div><\/div>\t\t\t\t<\/div>\n\t\t\t\t<\/div>\n\t\t\t\t<\/div>\n\t\t\t\t<\/div>\n\t\t\t\t<\/div>\n\t\t\t\t\t<\/div>\n\t\t\t\t<\/div>\n\t\t\t\t<\/div>","protected":false},"excerpt":{"rendered":"<p>Gruppen &amp; Vereine F\u00fcr Gruppen &amp; Vereine 26 Hotelzimmer und drei Ferienwohnungen erm\u00f6glichen es auch mit gr\u00f6\u00dferen Gruppen und Vereinen zusammen in einem Haus zu wohnen und einen gemeinsamen Urlaub zu genie\u00dfen.Ein Wintergarten und ein Pavillon in unserer Gartenanlage laden zu geselligen Runden ein. Es bietet sich unsere gro\u00dfe Terrasse am Wintergarten auch zum Sitzen [&hellip;]<\/p>\n","protected":false},"author":1,"featured_media":0,"parent":0,"menu_order":0,"comment_status":"closed","ping_status":"open","template":"","meta":{"site-sidebar-layout":"no-sidebar","site-content-layout":"page-builder","ast-site-content-layout":"full-width-container","site-content-style":"unboxed","site-sidebar-style":"unboxed","ast-global-header-display":"disabled","ast-banner-title-visibility":"","ast-main-header-display":"","ast-hfb-above-header-display":"","ast-hfb-below-header-display":"","ast-hfb-mobile-header-display":"","site-post-title":"disabled","ast-breadcrumbs-content":"","ast-featured-img":"disabled","footer-sml-layout":"disabled","ast-disable-related-posts":"","theme-transparent-header-meta":"enabled","adv-header-id-meta":"","stick-header-meta":"","header-above-stick-meta":"","header-main-stick-meta":"","header-below-stick-meta":"","astra-migrate-meta-layouts":"set","ast-page-background-enabled":"default","ast-page-background-meta":{"desktop":{"background-color":"","background-image":"","background-repeat":"repeat","background-position":"center center","background-size":"auto","background-attachment":"scroll","background-type":"","background-media":"","overlay-type":"","overlay-color":"","overlay-opacity":"","overlay-gradient":""},"tablet":{"background-color":"","background-image":"","background-repeat":"repeat","background-position":"center center","background-size":"auto","background-attachment":"scroll","background-type":"","background-media":"","overlay-type":"","overlay-color":"","overlay-opacity":"","overlay-gradient":""},"mobile":{"background-color":"","background-image":"","background-repeat":"repeat","background-position":"center center","background-size":"auto","background-attachment":"scroll","background-type":"","background-media":"","overlay-type":"","overlay-color":"","overlay-opacity":"","overlay-gradient":""}},"ast-content-background-meta":{"desktop":{"background-color":"var(--ast-global-color-5)","background-image":"","background-repeat":"repeat","background-position":"center center","background-size":"auto","background-attachment":"scroll","background-type":"","background-media":"","overlay-type":"","overlay-color":"","overlay-opacity":"","overlay-gradient":""},"tablet":{"background-color":"var(--ast-global-color-5)","background-image":"","background-repeat":"repeat","background-position":"center center","background-size":"auto","background-attachment":"scroll","background-type":"","background-media":"","overlay-type":"","overlay-color":"","overlay-opacity":"","overlay-gradient":""},"mobile":{"background-color":"var(--ast-global-color-5)","background-image":"","background-repeat":"repeat","background-position":"center center","background-size":"auto","background-attachment":"scroll","background-type":"","background-media":"","overlay-type":"","overlay-color":"","overlay-opacity":"","overlay-gradient":""}},"footnotes":""},"class_list":["post-2316","page","type-page","status-publish","hentry"],"_links":{"self":[{"href":"https:\/\/www.hotel-garni-zur-alten-post.de\/en\/wp-json\/wp\/v2\/pages\/2316","targetHints":{"allow":["GET"]}}],"collection":[{"href":"https:\/\/www.hotel-garni-zur-alten-post.de\/en\/wp-json\/wp\/v2\/pages"}],"about":[{"href":"https:\/\/www.hotel-garni-zur-alten-post.de\/en\/wp-json\/wp\/v2\/types\/page"}],"author":[{"embeddable":true,"href":"https:\/\/www.hotel-garni-zur-alten-post.de\/en\/wp-json\/wp\/v2\/users\/1"}],"replies":[{"embeddable":true,"href":"https:\/\/www.hotel-garni-zur-alten-post.de\/en\/wp-json\/wp\/v2\/comments?post=2316"}],"version-history":[{"count":3,"href":"https:\/\/www.hotel-garni-zur-alten-post.de\/en\/wp-json\/wp\/v2\/pages\/2316\/revisions"}],"predecessor-version":[{"id":2566,"href":"https:\/\/www.hotel-garni-zur-alten-post.de\/en\/wp-json\/wp\/v2\/pages\/2316\/revisions\/2566"}],"wp:attachment":[{"href":"https:\/\/www.hotel-garni-zur-alten-post.de\/en\/wp-json\/wp\/v2\/media?parent=2316"}],"curies":[{"name":"wp","href":"https:\/\/api.w.org\/{rel}","templated":true}]}}